{"id":10,"date":"2015-11-10T14:30:40","date_gmt":"2015-11-10T13:30:40","guid":{"rendered":"http:\/\/mado-conserven.nl\/DEVELOPMENTMADO\/?page_id=10"},"modified":"2018-06-18T12:17:59","modified_gmt":"2018-06-18T11:17:59","slug":"activiteiten-missie-visie","status":"publish","type":"page","link":"https:\/\/mado-conserven.nl\/fr\/over-mattheeussens-wido-bv\/activiteiten-missie-visie\/","title":{"rendered":"Activit\u00e9s, mission &#038; vision"},"content":{"rendered":"<p><\/p>\n<h2>Activit\u00e9s<\/h2>\n<p>Les activit\u00e9s de la soci\u00e9t\u00e9 Mattheeussens-Wido B.V. consiste d&rsquo;une exploitation de production \u00e0 Ossendrecht. L&rsquo;objectif de l&rsquo;entreprise est la production et le commerce de cornichons, ognons, betteraves rouges, chou-rouge et atjar tjampoer. La client\u00e8le se compose principalement de grands distributeurs europ\u00e9ens situ\u00e9s aux Pays-Bas, en Belgique, au Royaume-Uni, en Allemagne et en Belgique. La grande distribution en dehors de l&rsquo;Europe a \u00e9galement un part importante dans notre r\u00e9seau de distribution.<\/p>\n<h2>Vision<\/h2>\n<p>Dans notre soci\u00e9t\u00e9 de consommation, la concurrence est devenue une lutte pour le chiffre d&rsquo;affaires.<\/p>\n<p>Il est important de se distinguer de mani\u00e8re positive afin de g\u00e9n\u00e9rer des r\u00e9sultats avec les clients potentiels. La nutrition est un besoin primaire, de sorte que nos produits appartiennent \u00e0 un groupe qui sera toujours en demande. Nous sommes convaincus qu&rsquo;en raison de l&rsquo;am\u00e9lioration de la prosp\u00e9rit\u00e9 dans les r\u00e9gions du monde, des changements majeurs auront lieu \u00e0 la fois \u00e9conomiquement et \u00e9cologiquement, qui stimuleront \u00e0 la hausse la consommation alimentaire.<\/p>\n<p>Il y aura \u00e9galement des p\u00e9nuries plus fr\u00e9quentes sur le march\u00e9, entra\u00eenant un d\u00e9placement des exc\u00e9dents vers des p\u00e9nuries sur l&rsquo;approvisionnement alimentaire. Il est tr\u00e8s important que nos produits restent partie int\u00e9grante du paquet alimentaire total.\u00a0Nous avons l&rsquo;impression que nos produits sont en partie si puissants qu&rsquo;ils s&rsquo;en occupent eux-m\u00eames, mais pour le reste, nous devrons nous battre pour la bonne r\u00e9putation de nos produits, par exemple, les cornichons ont une excellente r\u00e9putation de collation bonne pour la sant\u00e9. La qualit\u00e9 et la fiabilit\u00e9 de la livraison sont essentielles ici. Mattheeussens-Wido B.V. veut \u00eatre un acteur durable et pr\u00e9cieux sur ce march\u00e9. Gr\u00e2ce \u00e0 une croissance constante, nous voulons \u00eatre une entreprise alimentaire reconnue et rentable, avec des clients satisfaits pour lesquels nous voulons assurer la continuit\u00e9 dans les domaines de la qualit\u00e9, de la s\u00e9curit\u00e9 alimentaire, de la flexibilit\u00e9 et du service. L&rsquo;accent est mis ici sur des solutions durables ax\u00e9es sur le client. Mattheeussens-Wido B.V. veut offrir la meilleure qualit\u00e9 et fournir le meilleur service \u00e0 un prix comp\u00e9titif.<\/p>\n<h2>Mission<\/h2>\n<p>De part les connaissances acquises dans le domaine de la qualit\u00e9, de la fiabilit\u00e9 de livraisons et le fait d&rsquo;\u00eatre un partenaire financi\u00e8rement solide, nous sommes devenus un acteur important sur le march\u00e9. Notre objectif est de maintenir notre position actuelle sur le march\u00e9 et, si possible, de la renforcer. Nous ne consid\u00e9rons pas la croissance de nos ventes comme un objectif principal, mais nous voulons \u00eatre un partenaire de confiance et durable pour nos clients, nos employ\u00e9s, nos fournisseurs et nos actionnaires.<\/p>","protected":false},"excerpt":{"rendered":"<p>Activit\u00e9s Les activit\u00e9s de la soci\u00e9t\u00e9 Mattheeussens-Wido B.V. consiste d&rsquo;une exploitation de production \u00e0 Ossendrecht. L&rsquo;objectif de l&rsquo;entreprise est la production et le commerce de cornichons, ognons, betteraves rouges, chou-rouge et atjar tjampoer. La client\u00e8le se compose principalement de grands distributeurs europ\u00e9ens situ\u00e9s aux Pays-Bas, en Belgique, au Royaume-Uni, en Allemagne et en Belgique. La &hellip; <a href=\"https:\/\/mado-conserven.nl\/fr\/over-mattheeussens-wido-bv\/activiteiten-missie-visie\/\" class=\"more-link\">Continuer la lecture de <span class=\"screen-reader-text\">Activit\u00e9s, mission &#038; vision<\/span> <span class=\"meta-nav\">&rarr;<\/span><\/a><\/p>\n","protected":false},"author":1,"featured_media":0,"parent":4,"menu_order":0,"comment_status":"closed","ping_status":"closed","template":"","meta":{"footnotes":""},"class_list":["post-10","page","type-page","status-publish","hentry"],"yoast_head":"<!-- This site is optimized with the Yoast SEO plugin v27.3 - https:\/\/yoast.com\/product\/yoast-seo-wordpress\/ -->\n<title>Activit\u00e9s, mission &amp; vision - Mattheeussens-Wido B.V.<\/title>\n<meta name=\"description\" content=\"De activiteiten, missie &amp; visie van Mado Conserven\" \/>\n<meta name=\"robots\" content=\"index, follow, max-snippet:-1, max-image-preview:large, max-video-preview:-1\" \/>\n<link rel=\"canonical\" href=\"https:\/\/mado-conserven.nl\/en\/over-mattheeussens-wido-bv\/activiteiten-missie-visie\/\" \/>\n<meta property=\"og:locale\" content=\"fr_FR\" \/>\n<meta property=\"og:type\" content=\"article\" \/>\n<meta property=\"og:title\" content=\"Activit\u00e9s, mission &amp; vision - Mattheeussens-Wido B.V.\" \/>\n<meta property=\"og:description\" content=\"De activiteiten, missie &amp; visie van Mado Conserven\" \/>\n<meta property=\"og:url\" content=\"https:\/\/mado-conserven.nl\/en\/over-mattheeussens-wido-bv\/activiteiten-missie-visie\/\" \/>\n<meta property=\"og:site_name\" content=\"Mattheeussens-Wido B.V.\" \/>\n<meta property=\"article:modified_time\" content=\"2018-06-18T11:17:59+00:00\" \/>\n<meta name=\"twitter:card\" content=\"summary_large_image\" \/>\n<meta name=\"twitter:label1\" content=\"Dur\u00e9e de lecture estim\u00e9e\" \/>\n\t<meta name=\"twitter:data1\" content=\"6 minutes\" \/>\n<script type=\"application\/ld+json\" class=\"yoast-schema-graph\">{\"@context\":\"https:\\\/\\\/schema.org\",\"@graph\":[{\"@type\":\"WebPage\",\"@id\":\"https:\\\/\\\/mado-conserven.nl\\\/en\\\/over-mattheeussens-wido-bv\\\/activiteiten-missie-visie\\\/\",\"url\":\"https:\\\/\\\/mado-conserven.nl\\\/en\\\/over-mattheeussens-wido-bv\\\/activiteiten-missie-visie\\\/\",\"name\":\"Activit\u00e9s, mission & vision - Mattheeussens-Wido B.V.\",\"isPartOf\":{\"@id\":\"https:\\\/\\\/mado-conserven.nl\\\/#website\"},\"datePublished\":\"2015-11-10T13:30:40+00:00\",\"dateModified\":\"2018-06-18T11:17:59+00:00\",\"description\":\"De activiteiten, missie & visie van Mado Conserven\",\"breadcrumb\":{\"@id\":\"https:\\\/\\\/mado-conserven.nl\\\/en\\\/over-mattheeussens-wido-bv\\\/activiteiten-missie-visie\\\/#breadcrumb\"},\"inLanguage\":\"fr-FR\",\"potentialAction\":[{\"@type\":\"ReadAction\",\"target\":[\"https:\\\/\\\/mado-conserven.nl\\\/en\\\/over-mattheeussens-wido-bv\\\/activiteiten-missie-visie\\\/\"]}]},{\"@type\":\"BreadcrumbList\",\"@id\":\"https:\\\/\\\/mado-conserven.nl\\\/en\\\/over-mattheeussens-wido-bv\\\/activiteiten-missie-visie\\\/#breadcrumb\",\"itemListElement\":[{\"@type\":\"ListItem\",\"position\":1,\"name\":\"Home\",\"item\":\"https:\\\/\\\/mado-conserven.nl\\\/\"},{\"@type\":\"ListItem\",\"position\":2,\"name\":\"Over Mattheeussens-Wido B.V.\",\"item\":\"https:\\\/\\\/mado-conserven.nl\\\/over-mattheeussens-wido-bv\\\/\"},{\"@type\":\"ListItem\",\"position\":3,\"name\":\"Activities, vision &#038; mission\"}]},{\"@type\":\"WebSite\",\"@id\":\"https:\\\/\\\/mado-conserven.nl\\\/#website\",\"url\":\"https:\\\/\\\/mado-conserven.nl\\\/\",\"name\":\"Mattheeussens-Wido B.V.\",\"description\":\"Traditionele tafelzuur kwaliteitsproducten\",\"publisher\":{\"@id\":\"https:\\\/\\\/mado-conserven.nl\\\/#organization\"},\"potentialAction\":[{\"@type\":\"SearchAction\",\"target\":{\"@type\":\"EntryPoint\",\"urlTemplate\":\"https:\\\/\\\/mado-conserven.nl\\\/?s={search_term_string}\"},\"query-input\":{\"@type\":\"PropertyValueSpecification\",\"valueRequired\":true,\"valueName\":\"search_term_string\"}}],\"inLanguage\":\"fr-FR\"},{\"@type\":\"Organization\",\"@id\":\"https:\\\/\\\/mado-conserven.nl\\\/#organization\",\"name\":\"Mado conserven\",\"url\":\"https:\\\/\\\/mado-conserven.nl\\\/\",\"logo\":{\"@type\":\"ImageObject\",\"inLanguage\":\"fr-FR\",\"@id\":\"https:\\\/\\\/mado-conserven.nl\\\/#\\\/schema\\\/logo\\\/image\\\/\",\"url\":\"https:\\\/\\\/mado-conserven.nl\\\/wp-content\\\/uploads\\\/2016\\\/02\\\/logo.png\",\"contentUrl\":\"https:\\\/\\\/mado-conserven.nl\\\/wp-content\\\/uploads\\\/2016\\\/02\\\/logo.png\",\"width\":424,\"height\":176,\"caption\":\"Mado conserven\"},\"image\":{\"@id\":\"https:\\\/\\\/mado-conserven.nl\\\/#\\\/schema\\\/logo\\\/image\\\/\"}}]}<\/script>\n<!-- \/ Yoast SEO plugin. -->","yoast_head_json":{"title":"Activit\u00e9s, mission & vision - Mattheeussens-Wido B.V.","description":"De activiteiten, missie & visie van Mado Conserven","robots":{"index":"index","follow":"follow","max-snippet":"max-snippet:-1","max-image-preview":"max-image-preview:large","max-video-preview":"max-video-preview:-1"},"canonical":"https:\/\/mado-conserven.nl\/en\/over-mattheeussens-wido-bv\/activiteiten-missie-visie\/","og_locale":"fr_FR","og_type":"article","og_title":"Activit\u00e9s, mission & vision - Mattheeussens-Wido B.V.","og_description":"De activiteiten, missie & visie van Mado Conserven","og_url":"https:\/\/mado-conserven.nl\/en\/over-mattheeussens-wido-bv\/activiteiten-missie-visie\/","og_site_name":"Mattheeussens-Wido B.V.","article_modified_time":"2018-06-18T11:17:59+00:00","twitter_card":"summary_large_image","twitter_misc":{"Dur\u00e9e de lecture estim\u00e9e":"6 minutes"},"schema":{"@context":"https:\/\/schema.org","@graph":[{"@type":"WebPage","@id":"https:\/\/mado-conserven.nl\/en\/over-mattheeussens-wido-bv\/activiteiten-missie-visie\/","url":"https:\/\/mado-conserven.nl\/en\/over-mattheeussens-wido-bv\/activiteiten-missie-visie\/","name":"Activit\u00e9s, mission & vision - Mattheeussens-Wido B.V.","isPartOf":{"@id":"https:\/\/mado-conserven.nl\/#website"},"datePublished":"2015-11-10T13:30:40+00:00","dateModified":"2018-06-18T11:17:59+00:00","description":"De activiteiten, missie & visie van Mado Conserven","breadcrumb":{"@id":"https:\/\/mado-conserven.nl\/en\/over-mattheeussens-wido-bv\/activiteiten-missie-visie\/#breadcrumb"},"inLanguage":"fr-FR","potentialAction":[{"@type":"ReadAction","target":["https:\/\/mado-conserven.nl\/en\/over-mattheeussens-wido-bv\/activiteiten-missie-visie\/"]}]},{"@type":"BreadcrumbList","@id":"https:\/\/mado-conserven.nl\/en\/over-mattheeussens-wido-bv\/activiteiten-missie-visie\/#breadcrumb","itemListElement":[{"@type":"ListItem","position":1,"name":"Home","item":"https:\/\/mado-conserven.nl\/"},{"@type":"ListItem","position":2,"name":"Over Mattheeussens-Wido B.V.","item":"https:\/\/mado-conserven.nl\/over-mattheeussens-wido-bv\/"},{"@type":"ListItem","position":3,"name":"Activities, vision &#038; mission"}]},{"@type":"WebSite","@id":"https:\/\/mado-conserven.nl\/#website","url":"https:\/\/mado-conserven.nl\/","name":"Mattheeussens-Wido B.V.","description":"Traditionele tafelzuur kwaliteitsproducten","publisher":{"@id":"https:\/\/mado-conserven.nl\/#organization"},"potentialAction":[{"@type":"SearchAction","target":{"@type":"EntryPoint","urlTemplate":"https:\/\/mado-conserven.nl\/?s={search_term_string}"},"query-input":{"@type":"PropertyValueSpecification","valueRequired":true,"valueName":"search_term_string"}}],"inLanguage":"fr-FR"},{"@type":"Organization","@id":"https:\/\/mado-conserven.nl\/#organization","name":"Mado conserven","url":"https:\/\/mado-conserven.nl\/","logo":{"@type":"ImageObject","inLanguage":"fr-FR","@id":"https:\/\/mado-conserven.nl\/#\/schema\/logo\/image\/","url":"https:\/\/mado-conserven.nl\/wp-content\/uploads\/2016\/02\/logo.png","contentUrl":"https:\/\/mado-conserven.nl\/wp-content\/uploads\/2016\/02\/logo.png","width":424,"height":176,"caption":"Mado conserven"},"image":{"@id":"https:\/\/mado-conserven.nl\/#\/schema\/logo\/image\/"}}]}},"_links":{"self":[{"href":"https:\/\/mado-conserven.nl\/fr\/wp-json\/wp\/v2\/pages\/10","targetHints":{"allow":["GET"]}}],"collection":[{"href":"https:\/\/mado-conserven.nl\/fr\/wp-json\/wp\/v2\/pages"}],"about":[{"href":"https:\/\/mado-conserven.nl\/fr\/wp-json\/wp\/v2\/types\/page"}],"author":[{"embeddable":true,"href":"https:\/\/mado-conserven.nl\/fr\/wp-json\/wp\/v2\/users\/1"}],"replies":[{"embeddable":true,"href":"https:\/\/mado-conserven.nl\/fr\/wp-json\/wp\/v2\/comments?post=10"}],"version-history":[{"count":13,"href":"https:\/\/mado-conserven.nl\/fr\/wp-json\/wp\/v2\/pages\/10\/revisions"}],"predecessor-version":[{"id":491,"href":"https:\/\/mado-conserven.nl\/fr\/wp-json\/wp\/v2\/pages\/10\/revisions\/491"}],"up":[{"embeddable":true,"href":"https:\/\/mado-conserven.nl\/fr\/wp-json\/wp\/v2\/pages\/4"}],"wp:attachment":[{"href":"https:\/\/mado-conserven.nl\/fr\/wp-json\/wp\/v2\/media?parent=10"}],"curies":[{"name":"wp","href":"https:\/\/api.w.org\/{rel}","templated":true}]}}