{"id":107,"date":"2016-01-06T11:57:16","date_gmt":"2016-01-06T10:57:16","guid":{"rendered":"http:\/\/mado-conserven.nl\/DEVELOPMENTMADO\/?page_id=107"},"modified":"2019-04-01T12:26:46","modified_gmt":"2019-04-01T11:26:46","slug":"kwaliteit","status":"publish","type":"page","link":"https:\/\/mado-conserven.nl\/fr\/productieproces\/kwaliteit\/","title":{"rendered":"Qualit\u00e9"},"content":{"rendered":"<p>Mattheeussens-Wido B.V. insiste sur les principes de base des concepts d&rsquo;assurance qualit\u00e9 et de contr\u00f4le de la s\u00e9curit\u00e9 alimentaire.<\/p>\n<p>Cela signifie en pratique:<img loading=\"lazy\" decoding=\"async\" class=\"alignright wp-image-253 size-medium\" src=\"https:\/\/mado-conserven.nl\/wp-content\/uploads\/2016\/01\/Mado_044-200x300.jpg\" alt=\"Kwaliteitscontrole\" width=\"200\" height=\"300\" srcset=\"https:\/\/mado-conserven.nl\/wp-content\/uploads\/2016\/01\/Mado_044-200x300.jpg 200w, https:\/\/mado-conserven.nl\/wp-content\/uploads\/2016\/01\/Mado_044-683x1024.jpg 683w, https:\/\/mado-conserven.nl\/wp-content\/uploads\/2016\/01\/Mado_044.jpg 1366w\" sizes=\"auto, (max-width: 200px) 100vw, 200px\" \/><\/p>\n<ul>\n<li>Nos produits doivent \u00eatre de bonne qualit\u00e9, microbiologiquement, chimiquement et physiquement, afin que tous les produits de la gamme puissent d\u00e9montrer une qualit\u00e9 optimale et se distinguer de la concurrence.<\/li>\n<li>Nos produits doivent \u00eatre d&rsquo;une nature et d&rsquo;une composition microbiologiques, chimiques, physiques et sensorielles de telle sorte qu&rsquo;il puisse \u00eatre garanti qu&rsquo;il n&rsquo;y a pas d&rsquo;\u00e9carts susceptibles de pr\u00e9senter un danger potentiel pour la sant\u00e9 publique.<\/li>\n<li>Livrer des produits qui r\u00e9pondent aux\u00a0<span lang=\"fr\">exigences l\u00e9gales et au paquet qualit\u00e9 et s\u00e9curit\u00e9 alimentaire de nos clients. Connexion continue avec la l\u00e9gislation afin que ces exigences peuvent \u00eatre satisfaites de mani\u00e8re durable, telles que les allerg\u00e8nes, les OGM et la gestion des emballages. <\/span><\/li>\n<\/ul>\n<p><span lang=\"fr\">Pour y parvenir, nos produits sont exclusivement fabriqu\u00e9s \u00e0 partir de mati\u00e8res premi\u00e8res et de mat\u00e9riaux d&#8217;emballage de haute qualit\u00e9, achet\u00e9s aupr\u00e8s de fournisseurs certifi\u00e9s GFSI. La certification GFSI signifie que nos fournisseurs de mat\u00e9riaux d&#8217;emballage primaire et nos fournisseurs de mati\u00e8res premi\u00e8res ont une ou plusieurs des certifications suivantes.<\/span><\/p>\n<ul>\n<li>GLOBAL G.A.P.<\/li>\n<li>IFS Food standard<\/li>\n<li>IFS PACsecure<\/li>\n<li>BRC Global standard for food safety<\/li>\n<li>BRC IoP Global standard<\/li>\n<li>FSSC 22000<\/li>\n<\/ul>\n<p><span lang=\"fr\"><a href=\"https:\/\/mado-conserven.nl\/wp-content\/uploads\/2016\/01\/Mado_046.jpg\"><img loading=\"lazy\" decoding=\"async\" class=\"alignnone wp-image-255 size-medium\" src=\"https:\/\/mado-conserven.nl\/wp-content\/uploads\/2016\/01\/Mado_046-300x200.jpg\" alt=\"Kwaliteitscontrole\" width=\"300\" height=\"200\" srcset=\"https:\/\/mado-conserven.nl\/wp-content\/uploads\/2016\/01\/Mado_046-300x200.jpg 300w, https:\/\/mado-conserven.nl\/wp-content\/uploads\/2016\/01\/Mado_046-1024x683.jpg 1024w, https:\/\/mado-conserven.nl\/wp-content\/uploads\/2016\/01\/Mado_046.jpg 2048w\" sizes=\"auto, (max-width: 300px) 100vw, 300px\" \/><\/a><a href=\"https:\/\/mado-conserven.nl\/wp-content\/uploads\/2016\/01\/Mado_045.jpg\">\u00a0\u00a0 <\/a><a href=\"https:\/\/mado-conserven.nl\/wp-content\/uploads\/2016\/01\/Mado_045.jpg\"><img loading=\"lazy\" decoding=\"async\" class=\"alignnone wp-image-254 size-medium\" src=\"https:\/\/mado-conserven.nl\/wp-content\/uploads\/2016\/01\/Mado_045-300x200.jpg\" alt=\"Kwaliteitscontrole\" width=\"300\" height=\"200\" srcset=\"https:\/\/mado-conserven.nl\/wp-content\/uploads\/2016\/01\/Mado_045-300x200.jpg 300w, https:\/\/mado-conserven.nl\/wp-content\/uploads\/2016\/01\/Mado_045-1024x684.jpg 1024w, https:\/\/mado-conserven.nl\/wp-content\/uploads\/2016\/01\/Mado_045.jpg 2048w\" sizes=\"auto, (max-width: 300px) 100vw, 300px\" \/><\/a><\/span><\/p>\n<p><span lang=\"fr\">Pour donner \u00e0 nos clients un aper\u00e7u de la garantie de la s\u00e9curit\u00e9 alimentaire de Mattheeussens-Wido B.V., nous sommes certifi\u00e9s par les normes de qualit\u00e9 suivantes: BRC Norme mondiale pour la s\u00e9curit\u00e9 alimentaire (incl traded goods), Norme IFS Food (unannounced), <\/span><\/p>","protected":false},"excerpt":{"rendered":"<p>Mattheeussens-Wido B.V. insiste sur les principes de base des concepts d&rsquo;assurance qualit\u00e9 et de contr\u00f4le de la s\u00e9curit\u00e9 alimentaire. Cela signifie en pratique: Nos produits doivent \u00eatre de bonne qualit\u00e9, microbiologiquement, chimiquement et physiquement, afin que tous les produits de la gamme puissent d\u00e9montrer une qualit\u00e9 optimale et se distinguer de la concurrence. Nos produits &hellip; <a href=\"https:\/\/mado-conserven.nl\/fr\/productieproces\/kwaliteit\/\" class=\"more-link\">Continuer la lecture de <span class=\"screen-reader-text\">Qualit\u00e9<\/span> <span class=\"meta-nav\">&rarr;<\/span><\/a><\/p>\n","protected":false},"author":1,"featured_media":0,"parent":16,"menu_order":0,"comment_status":"closed","ping_status":"closed","template":"","meta":{"footnotes":""},"class_list":["post-107","page","type-page","status-publish","hentry"],"yoast_head":"<!-- This site is optimized with the Yoast SEO plugin v27.3 - https:\/\/yoast.com\/product\/yoast-seo-wordpress\/ -->\n<title>Qualit\u00e9 - Mattheeussens-Wido B.V.<\/title>\n<meta name=\"robots\" content=\"index, follow, max-snippet:-1, max-image-preview:large, max-video-preview:-1\" \/>\n<link rel=\"canonical\" href=\"https:\/\/mado-conserven.nl\/productieproces\/kwaliteit\/\" \/>\n<meta property=\"og:locale\" content=\"fr_FR\" \/>\n<meta property=\"og:type\" content=\"article\" \/>\n<meta property=\"og:title\" content=\"Qualit\u00e9 - Mattheeussens-Wido B.V.\" \/>\n<meta property=\"og:description\" content=\"Mattheeussens-Wido B.V. insiste sur les principes de base des concepts d&rsquo;assurance qualit\u00e9 et de contr\u00f4le de la s\u00e9curit\u00e9 alimentaire. Cela signifie en pratique: Nos produits doivent \u00eatre de bonne qualit\u00e9, microbiologiquement, chimiquement et physiquement, afin que tous les produits de la gamme puissent d\u00e9montrer une qualit\u00e9 optimale et se distinguer de la concurrence. Nos produits &hellip; Continuer la lecture de Qualit\u00e9 &rarr;\" \/>\n<meta property=\"og:url\" content=\"https:\/\/mado-conserven.nl\/productieproces\/kwaliteit\/\" \/>\n<meta property=\"og:site_name\" content=\"Mattheeussens-Wido B.V.\" \/>\n<meta property=\"article:modified_time\" content=\"2019-04-01T11:26:46+00:00\" \/>\n<meta property=\"og:image\" content=\"https:\/\/mado-conserven.nl\/wp-content\/uploads\/2016\/01\/Mado_044.jpg\" \/>\n\t<meta property=\"og:image:width\" content=\"1366\" \/>\n\t<meta property=\"og:image:height\" content=\"2048\" \/>\n\t<meta property=\"og:image:type\" content=\"image\/jpeg\" \/>\n<meta name=\"twitter:card\" content=\"summary_large_image\" \/>\n<meta name=\"twitter:label1\" content=\"Dur\u00e9e de lecture estim\u00e9e\" \/>\n\t<meta name=\"twitter:data1\" content=\"4 minutes\" \/>\n<script type=\"application\/ld+json\" class=\"yoast-schema-graph\">{\"@context\":\"https:\\\/\\\/schema.org\",\"@graph\":[{\"@type\":\"WebPage\",\"@id\":\"https:\\\/\\\/mado-conserven.nl\\\/productieproces\\\/kwaliteit\\\/\",\"url\":\"https:\\\/\\\/mado-conserven.nl\\\/productieproces\\\/kwaliteit\\\/\",\"name\":\"Qualit\u00e9 - Mattheeussens-Wido B.V.\",\"isPartOf\":{\"@id\":\"https:\\\/\\\/mado-conserven.nl\\\/#website\"},\"primaryImageOfPage\":{\"@id\":\"https:\\\/\\\/mado-conserven.nl\\\/productieproces\\\/kwaliteit\\\/#primaryimage\"},\"image\":{\"@id\":\"https:\\\/\\\/mado-conserven.nl\\\/productieproces\\\/kwaliteit\\\/#primaryimage\"},\"thumbnailUrl\":\"https:\\\/\\\/mado-conserven.nl\\\/wp-content\\\/uploads\\\/2016\\\/01\\\/Mado_044-200x300.jpg\",\"datePublished\":\"2016-01-06T10:57:16+00:00\",\"dateModified\":\"2019-04-01T11:26:46+00:00\",\"breadcrumb\":{\"@id\":\"https:\\\/\\\/mado-conserven.nl\\\/productieproces\\\/kwaliteit\\\/#breadcrumb\"},\"inLanguage\":\"fr-FR\",\"potentialAction\":[{\"@type\":\"ReadAction\",\"target\":[\"https:\\\/\\\/mado-conserven.nl\\\/productieproces\\\/kwaliteit\\\/\"]}]},{\"@type\":\"ImageObject\",\"inLanguage\":\"fr-FR\",\"@id\":\"https:\\\/\\\/mado-conserven.nl\\\/productieproces\\\/kwaliteit\\\/#primaryimage\",\"url\":\"https:\\\/\\\/mado-conserven.nl\\\/wp-content\\\/uploads\\\/2016\\\/01\\\/Mado_044-200x300.jpg\",\"contentUrl\":\"https:\\\/\\\/mado-conserven.nl\\\/wp-content\\\/uploads\\\/2016\\\/01\\\/Mado_044-200x300.jpg\"},{\"@type\":\"BreadcrumbList\",\"@id\":\"https:\\\/\\\/mado-conserven.nl\\\/productieproces\\\/kwaliteit\\\/#breadcrumb\",\"itemListElement\":[{\"@type\":\"ListItem\",\"position\":1,\"name\":\"Home\",\"item\":\"https:\\\/\\\/mado-conserven.nl\\\/\"},{\"@type\":\"ListItem\",\"position\":2,\"name\":\"Productieproces\",\"item\":\"https:\\\/\\\/mado-conserven.nl\\\/productieproces\\\/\"},{\"@type\":\"ListItem\",\"position\":3,\"name\":\"Kwaliteit\"}]},{\"@type\":\"WebSite\",\"@id\":\"https:\\\/\\\/mado-conserven.nl\\\/#website\",\"url\":\"https:\\\/\\\/mado-conserven.nl\\\/\",\"name\":\"Mattheeussens-Wido B.V.\",\"description\":\"Traditionele tafelzuur kwaliteitsproducten\",\"publisher\":{\"@id\":\"https:\\\/\\\/mado-conserven.nl\\\/#organization\"},\"potentialAction\":[{\"@type\":\"SearchAction\",\"target\":{\"@type\":\"EntryPoint\",\"urlTemplate\":\"https:\\\/\\\/mado-conserven.nl\\\/?s={search_term_string}\"},\"query-input\":{\"@type\":\"PropertyValueSpecification\",\"valueRequired\":true,\"valueName\":\"search_term_string\"}}],\"inLanguage\":\"fr-FR\"},{\"@type\":\"Organization\",\"@id\":\"https:\\\/\\\/mado-conserven.nl\\\/#organization\",\"name\":\"Mado conserven\",\"url\":\"https:\\\/\\\/mado-conserven.nl\\\/\",\"logo\":{\"@type\":\"ImageObject\",\"inLanguage\":\"fr-FR\",\"@id\":\"https:\\\/\\\/mado-conserven.nl\\\/#\\\/schema\\\/logo\\\/image\\\/\",\"url\":\"https:\\\/\\\/mado-conserven.nl\\\/wp-content\\\/uploads\\\/2016\\\/02\\\/logo.png\",\"contentUrl\":\"https:\\\/\\\/mado-conserven.nl\\\/wp-content\\\/uploads\\\/2016\\\/02\\\/logo.png\",\"width\":424,\"height\":176,\"caption\":\"Mado conserven\"},\"image\":{\"@id\":\"https:\\\/\\\/mado-conserven.nl\\\/#\\\/schema\\\/logo\\\/image\\\/\"}}]}<\/script>\n<!-- \/ Yoast SEO plugin. -->","yoast_head_json":{"title":"Qualit\u00e9 - Mattheeussens-Wido B.V.","robots":{"index":"index","follow":"follow","max-snippet":"max-snippet:-1","max-image-preview":"max-image-preview:large","max-video-preview":"max-video-preview:-1"},"canonical":"https:\/\/mado-conserven.nl\/productieproces\/kwaliteit\/","og_locale":"fr_FR","og_type":"article","og_title":"Qualit\u00e9 - Mattheeussens-Wido B.V.","og_description":"Mattheeussens-Wido B.V. insiste sur les principes de base des concepts d&rsquo;assurance qualit\u00e9 et de contr\u00f4le de la s\u00e9curit\u00e9 alimentaire. Cela signifie en pratique: Nos produits doivent \u00eatre de bonne qualit\u00e9, microbiologiquement, chimiquement et physiquement, afin que tous les produits de la gamme puissent d\u00e9montrer une qualit\u00e9 optimale et se distinguer de la concurrence. Nos produits &hellip; Continuer la lecture de Qualit\u00e9 &rarr;","og_url":"https:\/\/mado-conserven.nl\/productieproces\/kwaliteit\/","og_site_name":"Mattheeussens-Wido B.V.","article_modified_time":"2019-04-01T11:26:46+00:00","og_image":[{"width":1366,"height":2048,"url":"https:\/\/mado-conserven.nl\/wp-content\/uploads\/2016\/01\/Mado_044.jpg","type":"image\/jpeg"}],"twitter_card":"summary_large_image","twitter_misc":{"Dur\u00e9e de lecture estim\u00e9e":"4 minutes"},"schema":{"@context":"https:\/\/schema.org","@graph":[{"@type":"WebPage","@id":"https:\/\/mado-conserven.nl\/productieproces\/kwaliteit\/","url":"https:\/\/mado-conserven.nl\/productieproces\/kwaliteit\/","name":"Qualit\u00e9 - Mattheeussens-Wido B.V.","isPartOf":{"@id":"https:\/\/mado-conserven.nl\/#website"},"primaryImageOfPage":{"@id":"https:\/\/mado-conserven.nl\/productieproces\/kwaliteit\/#primaryimage"},"image":{"@id":"https:\/\/mado-conserven.nl\/productieproces\/kwaliteit\/#primaryimage"},"thumbnailUrl":"https:\/\/mado-conserven.nl\/wp-content\/uploads\/2016\/01\/Mado_044-200x300.jpg","datePublished":"2016-01-06T10:57:16+00:00","dateModified":"2019-04-01T11:26:46+00:00","breadcrumb":{"@id":"https:\/\/mado-conserven.nl\/productieproces\/kwaliteit\/#breadcrumb"},"inLanguage":"fr-FR","potentialAction":[{"@type":"ReadAction","target":["https:\/\/mado-conserven.nl\/productieproces\/kwaliteit\/"]}]},{"@type":"ImageObject","inLanguage":"fr-FR","@id":"https:\/\/mado-conserven.nl\/productieproces\/kwaliteit\/#primaryimage","url":"https:\/\/mado-conserven.nl\/wp-content\/uploads\/2016\/01\/Mado_044-200x300.jpg","contentUrl":"https:\/\/mado-conserven.nl\/wp-content\/uploads\/2016\/01\/Mado_044-200x300.jpg"},{"@type":"BreadcrumbList","@id":"https:\/\/mado-conserven.nl\/productieproces\/kwaliteit\/#breadcrumb","itemListElement":[{"@type":"ListItem","position":1,"name":"Home","item":"https:\/\/mado-conserven.nl\/"},{"@type":"ListItem","position":2,"name":"Productieproces","item":"https:\/\/mado-conserven.nl\/productieproces\/"},{"@type":"ListItem","position":3,"name":"Kwaliteit"}]},{"@type":"WebSite","@id":"https:\/\/mado-conserven.nl\/#website","url":"https:\/\/mado-conserven.nl\/","name":"Mattheeussens-Wido B.V.","description":"Traditionele tafelzuur kwaliteitsproducten","publisher":{"@id":"https:\/\/mado-conserven.nl\/#organization"},"potentialAction":[{"@type":"SearchAction","target":{"@type":"EntryPoint","urlTemplate":"https:\/\/mado-conserven.nl\/?s={search_term_string}"},"query-input":{"@type":"PropertyValueSpecification","valueRequired":true,"valueName":"search_term_string"}}],"inLanguage":"fr-FR"},{"@type":"Organization","@id":"https:\/\/mado-conserven.nl\/#organization","name":"Mado conserven","url":"https:\/\/mado-conserven.nl\/","logo":{"@type":"ImageObject","inLanguage":"fr-FR","@id":"https:\/\/mado-conserven.nl\/#\/schema\/logo\/image\/","url":"https:\/\/mado-conserven.nl\/wp-content\/uploads\/2016\/02\/logo.png","contentUrl":"https:\/\/mado-conserven.nl\/wp-content\/uploads\/2016\/02\/logo.png","width":424,"height":176,"caption":"Mado conserven"},"image":{"@id":"https:\/\/mado-conserven.nl\/#\/schema\/logo\/image\/"}}]}},"_links":{"self":[{"href":"https:\/\/mado-conserven.nl\/fr\/wp-json\/wp\/v2\/pages\/107","targetHints":{"allow":["GET"]}}],"collection":[{"href":"https:\/\/mado-conserven.nl\/fr\/wp-json\/wp\/v2\/pages"}],"about":[{"href":"https:\/\/mado-conserven.nl\/fr\/wp-json\/wp\/v2\/types\/page"}],"author":[{"embeddable":true,"href":"https:\/\/mado-conserven.nl\/fr\/wp-json\/wp\/v2\/users\/1"}],"replies":[{"embeddable":true,"href":"https:\/\/mado-conserven.nl\/fr\/wp-json\/wp\/v2\/comments?post=107"}],"version-history":[{"count":37,"href":"https:\/\/mado-conserven.nl\/fr\/wp-json\/wp\/v2\/pages\/107\/revisions"}],"predecessor-version":[{"id":531,"href":"https:\/\/mado-conserven.nl\/fr\/wp-json\/wp\/v2\/pages\/107\/revisions\/531"}],"up":[{"embeddable":true,"href":"https:\/\/mado-conserven.nl\/fr\/wp-json\/wp\/v2\/pages\/16"}],"wp:attachment":[{"href":"https:\/\/mado-conserven.nl\/fr\/wp-json\/wp\/v2\/media?parent=107"}],"curies":[{"name":"wp","href":"https:\/\/api.w.org\/{rel}","templated":true}]}}