{"id":14,"date":"2015-11-10T14:31:34","date_gmt":"2015-11-10T13:31:34","guid":{"rendered":"http:\/\/mado-conserven.nl\/DEVELOPMENTMADO\/?page_id=14"},"modified":"2018-06-18T13:29:50","modified_gmt":"2018-06-18T12:29:50","slug":"verpakkingen","status":"publish","type":"page","link":"https:\/\/mado-conserven.nl\/fr\/verpakkingen\/","title":{"rendered":"Emballages"},"content":{"rendered":"<p><\/p>\n<p id=\"tw-target-text\" class=\"tw-data-text tw-ta tw-text-small\" dir=\"ltr\" data-placeholder=\"Translation\"><span lang=\"fr\">Mattheeussens-Wido B.V. a une ligne de production ax\u00e9e sur les emballages de consommation. Nous emballons nos produits dans des bocaux en verre, ferm\u00e9s sous vide avec un couvercle twist-off. Apr\u00e8s cela, les produits sont pasteuris\u00e9s de sorte que ces produits peuvent \u00eatre conserv\u00e9s pendant une longue p\u00e9riode. Les bocaux sont ensuite \u00e9tiquet\u00e9s et, si d\u00e9sir\u00e9, emball\u00e9s dans des barquettes avec ou sans film r\u00e9tractable, apr\u00e8s quoi les barquettes sont plac\u00e9s automatiquement sur des palettes de 1200 mm x 1000 mm ou 1200 mm x 800 mm. Afin d&rsquo;assurer la tra\u00e7abilit\u00e9, chaque palette sera \u00e9tiquet\u00e9e avec un sticker. Ensuite elles sont stock\u00e9es dans l&rsquo;entrep\u00f4t, pr\u00eates pour \u00eatre livr\u00e9es chez nos clients.<\/span><\/p>\n<h2 class=\"tw-data-text tw-ta tw-text-small\" dir=\"ltr\" data-placeholder=\"Translation\"><span lang=\"fr\">Verre <\/span><\/h2>\n<p class=\"tw-data-text tw-ta tw-text-small\" dir=\"ltr\" data-placeholder=\"Translation\"><span lang=\"fr\">Nous utilisons seulement du verre \u00e0 usage unique achet\u00e9 dans des verreries d&rsquo;Europe de l&rsquo;Ouest qui sont soumises aux contr\u00f4les et certifications de qualit\u00e9 les plus \u00e9lev\u00e9s. Notre ligne de production est \u00e9quip\u00e9e de diff\u00e9rents sets de bocaux afin de pouvoir offrir une grande vari\u00e9t\u00e9 de contenu et de mod\u00e8les de bocaux.\u00a0<\/span><\/p>\n<p><a href=\"https:\/\/mado-conserven.nl\/wp-content\/uploads\/2015\/11\/1ArdaghGroup_19551.jpg\"><img loading=\"lazy\" decoding=\"async\" class=\"alignnone wp-image-235\" src=\"https:\/\/mado-conserven.nl\/wp-content\/uploads\/2015\/11\/1ArdaghGroup_19551-1024x683.jpg\" alt=\"Glazen potten\" width=\"225\" height=\"150\" srcset=\"https:\/\/mado-conserven.nl\/wp-content\/uploads\/2015\/11\/1ArdaghGroup_19551-1024x683.jpg 1024w, https:\/\/mado-conserven.nl\/wp-content\/uploads\/2015\/11\/1ArdaghGroup_19551-300x200.jpg 300w\" sizes=\"auto, (max-width: 225px) 100vw, 225px\" \/><\/a><a href=\"https:\/\/mado-conserven.nl\/wp-content\/uploads\/2015\/11\/3ArdaghGroup_1967.jpg\"><img loading=\"lazy\" decoding=\"async\" class=\"alignnone wp-image-233 size-thumbnail\" src=\"https:\/\/mado-conserven.nl\/wp-content\/uploads\/2015\/11\/3ArdaghGroup_1967-150x150.jpg\" alt=\"Glazen potten\" width=\"150\" height=\"150\" \/><\/a> <a href=\"https:\/\/mado-conserven.nl\/wp-content\/uploads\/2015\/11\/5ArdaghGroup_1987.jpg\"><img loading=\"lazy\" decoding=\"async\" class=\"alignnone wp-image-234 size-thumbnail\" src=\"https:\/\/mado-conserven.nl\/wp-content\/uploads\/2015\/11\/5ArdaghGroup_1987-150x150.jpg\" alt=\"Glazen potten\" width=\"150\" height=\"150\" \/><\/a><\/p>\n<h2>Couvercles<\/h2>\n<p>Nous utilisons des couvercles m\u00e9talliques en m\u00e9tal d&rsquo;un fournisseur fiable et d&rsquo;une reconnaissance internationale. Le couvercle twist-off est un couvercle laqu\u00e9 en m\u00e9tal avec un compos\u00e9 \u00e0 l&rsquo;int\u00e9rieur.<br \/>\nCe couvercle, laqu\u00e9, avec un composant du cot\u00e9 int\u00e9rieur a comme avantage que le bocal se ferme facilement d&rsquo;un seul mouvement.<br \/>\nLes couvercles peuvent \u00eatre fournis dans diff\u00e9rentes couleurs et imprim\u00e9s si n\u00e9cessaire.<\/p>\n<h2>\u00c9tiquettes<\/h2>\n<p>Nous avons deux types diff\u00e9rents de machines \u00e0 \u00e9tiqueter. Le premier est une \u00e9tiqueteuse avec laquelle nous traitons les \u00e9tiquettes en papier standard qui sont ajust\u00e9es sur le bocal. Avec cette machine, nous pouvons traiter des \u00e9tiquettes dans de nombreux formats diff\u00e9rents, ce qui nous rend tr\u00e8s flexible aux attentes des clients. Nous achetons nos \u00e9tiquettes chez une imprimerie n\u00e9erlandaise sp\u00e9cialis\u00e9e ayant le savoir-faire depuis des ann\u00e9es et qui poss\u00e8de des presses de 5 et 6 couleurs ainsi que des presses offset de derni\u00e8re g\u00e9n\u00e9ration digitale. Avec leur propre d\u00e9partement de pr\u00e9presse et d&rsquo;apr\u00e8s-presse, ils s&rsquo;occupent des \u00e9tiquettes de A \u00e0 Z.<br \/>\nNous pouvons \u00e9galement fournir nos bocaux avec des \u00e9tiquettes auto-adh\u00e9sives. Ces \u00e9tiquettes plastiques exclusives et transparentes sont \u00e9galement connues sous le nom d&rsquo;\u00e9tiquettes &lsquo;<em>no look<\/em>&lsquo;.<\/p>\n<h2>Barquettes<\/h2>\n<p>Nous disposons d&rsquo;une chaine d&#8217;emballage tr\u00e8s moderne et flexible avec lequel nous pouvons emballer nos bocaux dans des barquettes en carton avec ou sans film r\u00e9tractable. Nous utilisons des barquettes neutres ainsi que des barquettes imprim\u00e9es, en fonction du souhait du client.<\/p>\n<p>Mattheeussens-Wido B.V. utilise uniquement du carton ondul\u00e9 certifi\u00e9 FSC.<\/p>\n<p><a href=\"https:\/\/mado-conserven.nl\/wp-content\/uploads\/2015\/11\/Mado_029.jpg\"><img loading=\"lazy\" decoding=\"async\" class=\"alignnone wp-image-239\" src=\"https:\/\/mado-conserven.nl\/wp-content\/uploads\/2015\/11\/Mado_029-300x200.jpg\" alt=\"Mado_029\" width=\"320\" height=\"213\" srcset=\"https:\/\/mado-conserven.nl\/wp-content\/uploads\/2015\/11\/Mado_029-300x200.jpg 300w, https:\/\/mado-conserven.nl\/wp-content\/uploads\/2015\/11\/Mado_029-1024x683.jpg 1024w, https:\/\/mado-conserven.nl\/wp-content\/uploads\/2015\/11\/Mado_029.jpg 2048w\" sizes=\"auto, (max-width: 320px) 100vw, 320px\" \/><\/a>\u00a0 <a href=\"https:\/\/mado-conserven.nl\/wp-content\/uploads\/2015\/11\/Mado_036.jpg\"><img loading=\"lazy\" decoding=\"async\" class=\"alignnone wp-image-241\" src=\"https:\/\/mado-conserven.nl\/wp-content\/uploads\/2015\/11\/Mado_036-300x200.jpg\" alt=\"Mado_036\" width=\"320\" height=\"213\" srcset=\"https:\/\/mado-conserven.nl\/wp-content\/uploads\/2015\/11\/Mado_036-300x200.jpg 300w, https:\/\/mado-conserven.nl\/wp-content\/uploads\/2015\/11\/Mado_036-1024x683.jpg 1024w, https:\/\/mado-conserven.nl\/wp-content\/uploads\/2015\/11\/Mado_036.jpg 2048w\" sizes=\"auto, (max-width: 320px) 100vw, 320px\" \/><\/a>\u00a0 <a href=\"https:\/\/mado-conserven.nl\/wp-content\/uploads\/2015\/11\/Mado_042.jpg\"><img loading=\"lazy\" decoding=\"async\" class=\"alignnone wp-image-243\" src=\"https:\/\/mado-conserven.nl\/wp-content\/uploads\/2015\/11\/Mado_042-300x200.jpg\" alt=\"Mado_042\" width=\"320\" height=\"213\" srcset=\"https:\/\/mado-conserven.nl\/wp-content\/uploads\/2015\/11\/Mado_042-300x200.jpg 300w, https:\/\/mado-conserven.nl\/wp-content\/uploads\/2015\/11\/Mado_042-1024x683.jpg 1024w, https:\/\/mado-conserven.nl\/wp-content\/uploads\/2015\/11\/Mado_042.jpg 2048w\" sizes=\"auto, (max-width: 320px) 100vw, 320px\" \/><\/a><\/p>\n<p>&nbsp;<\/p>","protected":false},"excerpt":{"rendered":"<p>Mattheeussens-Wido B.V. a une ligne de production ax\u00e9e sur les emballages de consommation. Nous emballons nos produits dans des bocaux en verre, ferm\u00e9s sous vide avec un couvercle twist-off. Apr\u00e8s cela, les produits sont pasteuris\u00e9s de sorte que ces produits peuvent \u00eatre conserv\u00e9s pendant une longue p\u00e9riode. Les bocaux sont ensuite \u00e9tiquet\u00e9s et, si d\u00e9sir\u00e9, &hellip; <a href=\"https:\/\/mado-conserven.nl\/fr\/verpakkingen\/\" class=\"more-link\">Continuer la lecture de <span class=\"screen-reader-text\">Emballages<\/span> <span class=\"meta-nav\">&rarr;<\/span><\/a><\/p>\n","protected":false},"author":1,"featured_media":0,"parent":0,"menu_order":0,"comment_status":"closed","ping_status":"closed","template":"","meta":{"footnotes":""},"class_list":["post-14","page","type-page","status-publish","hentry"],"yoast_head":"<!-- This site is optimized with the Yoast SEO plugin v27.3 - https:\/\/yoast.com\/product\/yoast-seo-wordpress\/ -->\n<title>Emballages - Mattheeussens-Wido B.V.<\/title>\n<meta name=\"description\" content=\"Bekijk onze verpakkingen en de verschillende mogelijkheden wat betreft verpaking en labeling.\" \/>\n<meta name=\"robots\" content=\"index, follow, max-snippet:-1, max-image-preview:large, max-video-preview:-1\" \/>\n<link rel=\"canonical\" href=\"https:\/\/mado-conserven.nl\/verpakkingen\/\" \/>\n<meta property=\"og:locale\" content=\"fr_FR\" \/>\n<meta property=\"og:type\" content=\"article\" \/>\n<meta property=\"og:title\" content=\"Emballages - Mattheeussens-Wido B.V.\" \/>\n<meta property=\"og:description\" content=\"Bekijk onze verpakkingen en de verschillende mogelijkheden wat betreft verpaking en labeling.\" \/>\n<meta property=\"og:url\" content=\"https:\/\/mado-conserven.nl\/verpakkingen\/\" \/>\n<meta property=\"og:site_name\" content=\"Mattheeussens-Wido B.V.\" \/>\n<meta property=\"article:modified_time\" content=\"2018-06-18T12:29:50+00:00\" \/>\n<meta property=\"og:image\" content=\"https:\/\/mado-conserven.nl\/wp-content\/uploads\/2015\/11\/1ArdaghGroup_19551.jpg\" \/>\n\t<meta property=\"og:image:width\" content=\"4378\" \/>\n\t<meta property=\"og:image:height\" content=\"2919\" \/>\n\t<meta property=\"og:image:type\" content=\"image\/jpeg\" \/>\n<meta name=\"twitter:card\" content=\"summary_large_image\" \/>\n<meta name=\"twitter:label1\" content=\"Dur\u00e9e de lecture estim\u00e9e\" \/>\n\t<meta name=\"twitter:data1\" content=\"6 minutes\" \/>\n<script type=\"application\/ld+json\" class=\"yoast-schema-graph\">{\"@context\":\"https:\\\/\\\/schema.org\",\"@graph\":[{\"@type\":\"WebPage\",\"@id\":\"https:\\\/\\\/mado-conserven.nl\\\/verpakkingen\\\/\",\"url\":\"https:\\\/\\\/mado-conserven.nl\\\/verpakkingen\\\/\",\"name\":\"Emballages - Mattheeussens-Wido B.V.\",\"isPartOf\":{\"@id\":\"https:\\\/\\\/mado-conserven.nl\\\/#website\"},\"primaryImageOfPage\":{\"@id\":\"https:\\\/\\\/mado-conserven.nl\\\/verpakkingen\\\/#primaryimage\"},\"image\":{\"@id\":\"https:\\\/\\\/mado-conserven.nl\\\/verpakkingen\\\/#primaryimage\"},\"thumbnailUrl\":\"https:\\\/\\\/mado-conserven.nl\\\/wp-content\\\/uploads\\\/2015\\\/11\\\/1ArdaghGroup_19551-1024x683.jpg\",\"datePublished\":\"2015-11-10T13:31:34+00:00\",\"dateModified\":\"2018-06-18T12:29:50+00:00\",\"description\":\"Bekijk onze verpakkingen en de verschillende mogelijkheden wat betreft verpaking en labeling.\",\"breadcrumb\":{\"@id\":\"https:\\\/\\\/mado-conserven.nl\\\/verpakkingen\\\/#breadcrumb\"},\"inLanguage\":\"fr-FR\",\"potentialAction\":[{\"@type\":\"ReadAction\",\"target\":[\"https:\\\/\\\/mado-conserven.nl\\\/verpakkingen\\\/\"]}]},{\"@type\":\"ImageObject\",\"inLanguage\":\"fr-FR\",\"@id\":\"https:\\\/\\\/mado-conserven.nl\\\/verpakkingen\\\/#primaryimage\",\"url\":\"https:\\\/\\\/mado-conserven.nl\\\/wp-content\\\/uploads\\\/2015\\\/11\\\/1ArdaghGroup_19551-1024x683.jpg\",\"contentUrl\":\"https:\\\/\\\/mado-conserven.nl\\\/wp-content\\\/uploads\\\/2015\\\/11\\\/1ArdaghGroup_19551-1024x683.jpg\"},{\"@type\":\"BreadcrumbList\",\"@id\":\"https:\\\/\\\/mado-conserven.nl\\\/verpakkingen\\\/#breadcrumb\",\"itemListElement\":[{\"@type\":\"ListItem\",\"position\":1,\"name\":\"Home\",\"item\":\"https:\\\/\\\/mado-conserven.nl\\\/\"},{\"@type\":\"ListItem\",\"position\":2,\"name\":\"Verpakkingen\"}]},{\"@type\":\"WebSite\",\"@id\":\"https:\\\/\\\/mado-conserven.nl\\\/#website\",\"url\":\"https:\\\/\\\/mado-conserven.nl\\\/\",\"name\":\"Mattheeussens-Wido B.V.\",\"description\":\"Traditionele tafelzuur kwaliteitsproducten\",\"publisher\":{\"@id\":\"https:\\\/\\\/mado-conserven.nl\\\/#organization\"},\"potentialAction\":[{\"@type\":\"SearchAction\",\"target\":{\"@type\":\"EntryPoint\",\"urlTemplate\":\"https:\\\/\\\/mado-conserven.nl\\\/?s={search_term_string}\"},\"query-input\":{\"@type\":\"PropertyValueSpecification\",\"valueRequired\":true,\"valueName\":\"search_term_string\"}}],\"inLanguage\":\"fr-FR\"},{\"@type\":\"Organization\",\"@id\":\"https:\\\/\\\/mado-conserven.nl\\\/#organization\",\"name\":\"Mado conserven\",\"url\":\"https:\\\/\\\/mado-conserven.nl\\\/\",\"logo\":{\"@type\":\"ImageObject\",\"inLanguage\":\"fr-FR\",\"@id\":\"https:\\\/\\\/mado-conserven.nl\\\/#\\\/schema\\\/logo\\\/image\\\/\",\"url\":\"https:\\\/\\\/mado-conserven.nl\\\/wp-content\\\/uploads\\\/2016\\\/02\\\/logo.png\",\"contentUrl\":\"https:\\\/\\\/mado-conserven.nl\\\/wp-content\\\/uploads\\\/2016\\\/02\\\/logo.png\",\"width\":424,\"height\":176,\"caption\":\"Mado conserven\"},\"image\":{\"@id\":\"https:\\\/\\\/mado-conserven.nl\\\/#\\\/schema\\\/logo\\\/image\\\/\"}}]}<\/script>\n<!-- \/ Yoast SEO plugin. -->","yoast_head_json":{"title":"Emballages - Mattheeussens-Wido B.V.","description":"Bekijk onze verpakkingen en de verschillende mogelijkheden wat betreft verpaking en labeling.","robots":{"index":"index","follow":"follow","max-snippet":"max-snippet:-1","max-image-preview":"max-image-preview:large","max-video-preview":"max-video-preview:-1"},"canonical":"https:\/\/mado-conserven.nl\/verpakkingen\/","og_locale":"fr_FR","og_type":"article","og_title":"Emballages - Mattheeussens-Wido B.V.","og_description":"Bekijk onze verpakkingen en de verschillende mogelijkheden wat betreft verpaking en labeling.","og_url":"https:\/\/mado-conserven.nl\/verpakkingen\/","og_site_name":"Mattheeussens-Wido B.V.","article_modified_time":"2018-06-18T12:29:50+00:00","og_image":[{"width":4378,"height":2919,"url":"https:\/\/mado-conserven.nl\/wp-content\/uploads\/2015\/11\/1ArdaghGroup_19551.jpg","type":"image\/jpeg"}],"twitter_card":"summary_large_image","twitter_misc":{"Dur\u00e9e de lecture estim\u00e9e":"6 minutes"},"schema":{"@context":"https:\/\/schema.org","@graph":[{"@type":"WebPage","@id":"https:\/\/mado-conserven.nl\/verpakkingen\/","url":"https:\/\/mado-conserven.nl\/verpakkingen\/","name":"Emballages - Mattheeussens-Wido B.V.","isPartOf":{"@id":"https:\/\/mado-conserven.nl\/#website"},"primaryImageOfPage":{"@id":"https:\/\/mado-conserven.nl\/verpakkingen\/#primaryimage"},"image":{"@id":"https:\/\/mado-conserven.nl\/verpakkingen\/#primaryimage"},"thumbnailUrl":"https:\/\/mado-conserven.nl\/wp-content\/uploads\/2015\/11\/1ArdaghGroup_19551-1024x683.jpg","datePublished":"2015-11-10T13:31:34+00:00","dateModified":"2018-06-18T12:29:50+00:00","description":"Bekijk onze verpakkingen en de verschillende mogelijkheden wat betreft verpaking en labeling.","breadcrumb":{"@id":"https:\/\/mado-conserven.nl\/verpakkingen\/#breadcrumb"},"inLanguage":"fr-FR","potentialAction":[{"@type":"ReadAction","target":["https:\/\/mado-conserven.nl\/verpakkingen\/"]}]},{"@type":"ImageObject","inLanguage":"fr-FR","@id":"https:\/\/mado-conserven.nl\/verpakkingen\/#primaryimage","url":"https:\/\/mado-conserven.nl\/wp-content\/uploads\/2015\/11\/1ArdaghGroup_19551-1024x683.jpg","contentUrl":"https:\/\/mado-conserven.nl\/wp-content\/uploads\/2015\/11\/1ArdaghGroup_19551-1024x683.jpg"},{"@type":"BreadcrumbList","@id":"https:\/\/mado-conserven.nl\/verpakkingen\/#breadcrumb","itemListElement":[{"@type":"ListItem","position":1,"name":"Home","item":"https:\/\/mado-conserven.nl\/"},{"@type":"ListItem","position":2,"name":"Verpakkingen"}]},{"@type":"WebSite","@id":"https:\/\/mado-conserven.nl\/#website","url":"https:\/\/mado-conserven.nl\/","name":"Mattheeussens-Wido B.V.","description":"Traditionele tafelzuur kwaliteitsproducten","publisher":{"@id":"https:\/\/mado-conserven.nl\/#organization"},"potentialAction":[{"@type":"SearchAction","target":{"@type":"EntryPoint","urlTemplate":"https:\/\/mado-conserven.nl\/?s={search_term_string}"},"query-input":{"@type":"PropertyValueSpecification","valueRequired":true,"valueName":"search_term_string"}}],"inLanguage":"fr-FR"},{"@type":"Organization","@id":"https:\/\/mado-conserven.nl\/#organization","name":"Mado conserven","url":"https:\/\/mado-conserven.nl\/","logo":{"@type":"ImageObject","inLanguage":"fr-FR","@id":"https:\/\/mado-conserven.nl\/#\/schema\/logo\/image\/","url":"https:\/\/mado-conserven.nl\/wp-content\/uploads\/2016\/02\/logo.png","contentUrl":"https:\/\/mado-conserven.nl\/wp-content\/uploads\/2016\/02\/logo.png","width":424,"height":176,"caption":"Mado conserven"},"image":{"@id":"https:\/\/mado-conserven.nl\/#\/schema\/logo\/image\/"}}]}},"_links":{"self":[{"href":"https:\/\/mado-conserven.nl\/fr\/wp-json\/wp\/v2\/pages\/14","targetHints":{"allow":["GET"]}}],"collection":[{"href":"https:\/\/mado-conserven.nl\/fr\/wp-json\/wp\/v2\/pages"}],"about":[{"href":"https:\/\/mado-conserven.nl\/fr\/wp-json\/wp\/v2\/types\/page"}],"author":[{"embeddable":true,"href":"https:\/\/mado-conserven.nl\/fr\/wp-json\/wp\/v2\/users\/1"}],"replies":[{"embeddable":true,"href":"https:\/\/mado-conserven.nl\/fr\/wp-json\/wp\/v2\/comments?post=14"}],"version-history":[{"count":22,"href":"https:\/\/mado-conserven.nl\/fr\/wp-json\/wp\/v2\/pages\/14\/revisions"}],"predecessor-version":[{"id":500,"href":"https:\/\/mado-conserven.nl\/fr\/wp-json\/wp\/v2\/pages\/14\/revisions\/500"}],"wp:attachment":[{"href":"https:\/\/mado-conserven.nl\/fr\/wp-json\/wp\/v2\/media?parent=14"}],"curies":[{"name":"wp","href":"https:\/\/api.w.org\/{rel}","templated":true}]}}