{"id":16,"date":"2015-11-10T14:31:54","date_gmt":"2015-11-10T13:31:54","guid":{"rendered":"http:\/\/mado-conserven.nl\/DEVELOPMENTMADO\/?page_id=16"},"modified":"2018-06-18T13:07:48","modified_gmt":"2018-06-18T12:07:48","slug":"productieproces","status":"publish","type":"page","link":"https:\/\/mado-conserven.nl\/fr\/productieproces\/","title":{"rendered":"Processus de production"},"content":{"rendered":"<p><\/p>\n<p class=\"p2\"><span class=\"s1\">\u00a0<a href=\"https:\/\/mado-conserven.nl\/wp-content\/uploads\/2015\/11\/Mado_015.jpg\"><img loading=\"lazy\" decoding=\"async\" class=\"wp-image-270 size-large aligncenter\" src=\"https:\/\/mado-conserven.nl\/wp-content\/uploads\/2015\/11\/Mado_015-1024x683.jpg\" alt=\"Productieproces\" width=\"604\" height=\"403\" srcset=\"https:\/\/mado-conserven.nl\/wp-content\/uploads\/2015\/11\/Mado_015-1024x683.jpg 1024w, https:\/\/mado-conserven.nl\/wp-content\/uploads\/2015\/11\/Mado_015-300x200.jpg 300w, https:\/\/mado-conserven.nl\/wp-content\/uploads\/2015\/11\/Mado_015.jpg 2048w\" sizes=\"auto, (max-width: 604px) 100vw, 604px\" \/><\/a><\/span><\/p>\n<p class=\"p2\"><span class=\"s1\">Les produits de Mattheeussens-Wido B.V. sont produits exclusivement \u00e0 partir de mati\u00e8res premi\u00e8res de haute qualit\u00e9, achet\u00e9es aupr\u00e8s de fournisseurs certifi\u00e9s GFSI.<\/span><\/p>\n<p class=\"p2\"><span class=\"s1\">Une fois que les mati\u00e8res premi\u00e8res ont \u00e9t\u00e9 approuv\u00e9es lors de notre contr\u00f4le de qualit\u00e9, celles-ci peuvent \u00eatre trait\u00e9es dans nos locaux hygi\u00e9niques. Les mati\u00e8res premi\u00e8res sont lav\u00e9es, coup\u00e9es et inspect\u00e9es visuellement avant qu&rsquo;elles ne finissent dans les bocaux. Les bocaux sont ensuite remplis avec le jus de couverture et scell\u00e9s avec un couvercle. Nos produits sont conserv\u00e9s par la combinaison de la pasteurisation et du niveau restreint de pH du produit final, de sorte que le go\u00fbt et l&rsquo;aspect croquant des produits ne soient pas perdus. Les produits sont toujours inspect\u00e9s \u00e0 diff\u00e9rents postes dans le processus de production pour \u00e9viter\u00a0que des mati\u00e8res \u00e9trang\u00e8res ne p\u00e9n\u00e8trent dans le produit final. Ceci est fait, entre autres, par l&rsquo;inspection visuelle, la d\u00e9tection des m\u00e9taux et la d\u00e9tection des rayons X. Les produits sont ensuite conditionn\u00e9s sur nos lignes d&#8217;emballage et d&rsquo;\u00e9tiquetage modernes, puis stock\u00e9s dans nos entrep\u00f4ts.<\/span><\/p>\n<p class=\"p2\"><span class=\"s1\">Mattheeussens-Wido B.V. continue d&rsquo;investir dans son processus de production afin de disposer d&rsquo;une ligne de production moderne r\u00e9pondant \u00e0 toutes les normes internationales. Mattheeussens-Wido B.V. accorde \u00e9galement beaucoup d&rsquo;attention \u00e0 l&rsquo;\u00e9ducation de son effectif. Nos collaborateurs ont donc \u00e9galement les connaissances n\u00e9cessaires en mati\u00e8re de processus et d&rsquo;HACCP.<\/span><\/p>\n<p class=\"p2\"><span class=\"s1\">En utilisant des mati\u00e8res premi\u00e8res de haute qualit\u00e9, employant des personnes bien form\u00e9es et ayant nos normes de qualit\u00e9, un produit final de haute qualit\u00e9 est cr\u00e9\u00e9.<\/span><\/p>\n<p><a href=\"https:\/\/mado-conserven.nl\/wp-content\/uploads\/2015\/11\/Mado_003.jpg\"><img loading=\"lazy\" decoding=\"async\" class=\"alignleft wp-image-268\" src=\"https:\/\/mado-conserven.nl\/wp-content\/uploads\/2015\/11\/Mado_003-300x200.jpg\" alt=\"Productieproces\" width=\"240\" height=\"160\" srcset=\"https:\/\/mado-conserven.nl\/wp-content\/uploads\/2015\/11\/Mado_003-300x200.jpg 300w, https:\/\/mado-conserven.nl\/wp-content\/uploads\/2015\/11\/Mado_003-1024x683.jpg 1024w, https:\/\/mado-conserven.nl\/wp-content\/uploads\/2015\/11\/Mado_003.jpg 2048w\" sizes=\"auto, (max-width: 240px) 100vw, 240px\" \/><\/a> <a href=\"https:\/\/mado-conserven.nl\/wp-content\/uploads\/2015\/11\/Mado_009.jpg\"><img loading=\"lazy\" decoding=\"async\" class=\"alignleft wp-image-269\" src=\"https:\/\/mado-conserven.nl\/wp-content\/uploads\/2015\/11\/Mado_009-300x200.jpg\" alt=\"Productieproces\" width=\"240\" height=\"160\" srcset=\"https:\/\/mado-conserven.nl\/wp-content\/uploads\/2015\/11\/Mado_009-300x200.jpg 300w, https:\/\/mado-conserven.nl\/wp-content\/uploads\/2015\/11\/Mado_009-1024x683.jpg 1024w, https:\/\/mado-conserven.nl\/wp-content\/uploads\/2015\/11\/Mado_009.jpg 2048w\" sizes=\"auto, (max-width: 240px) 100vw, 240px\" \/><\/a><a href=\"https:\/\/mado-conserven.nl\/wp-content\/uploads\/2015\/11\/Mado_020.jpg\"><img loading=\"lazy\" decoding=\"async\" class=\"alignleft wp-image-271\" src=\"https:\/\/mado-conserven.nl\/wp-content\/uploads\/2015\/11\/Mado_020-300x200.jpg\" alt=\"Productieproces\" width=\"240\" height=\"160\" srcset=\"https:\/\/mado-conserven.nl\/wp-content\/uploads\/2015\/11\/Mado_020-300x200.jpg 300w, https:\/\/mado-conserven.nl\/wp-content\/uploads\/2015\/11\/Mado_020-1024x683.jpg 1024w, https:\/\/mado-conserven.nl\/wp-content\/uploads\/2015\/11\/Mado_020.jpg 2048w\" sizes=\"auto, (max-width: 240px) 100vw, 240px\" \/><\/a> <a href=\"https:\/\/mado-conserven.nl\/wp-content\/uploads\/2015\/11\/Mado_023.jpg\"><img loading=\"lazy\" decoding=\"async\" class=\"alignleft wp-image-272\" src=\"https:\/\/mado-conserven.nl\/wp-content\/uploads\/2015\/11\/Mado_023-300x200.jpg\" alt=\"Productieproces\" width=\"240\" height=\"160\" srcset=\"https:\/\/mado-conserven.nl\/wp-content\/uploads\/2015\/11\/Mado_023-300x200.jpg 300w, https:\/\/mado-conserven.nl\/wp-content\/uploads\/2015\/11\/Mado_023-1024x683.jpg 1024w, https:\/\/mado-conserven.nl\/wp-content\/uploads\/2015\/11\/Mado_023.jpg 2048w\" sizes=\"auto, (max-width: 240px) 100vw, 240px\" \/><\/a><\/p>\n<p>&nbsp;<\/p>\n<p class=\"p1\"><span class=\"s1\"><span class=\"Apple-converted-space\">\u00a0\u00a0<\/span><\/span><\/p>\n<p class=\"p2\"><span class=\"s1\">\u00a0<\/span><\/p>\n<p><\/p>","protected":false},"excerpt":{"rendered":"<p>\u00a0 Les produits de Mattheeussens-Wido B.V. sont produits exclusivement \u00e0 partir de mati\u00e8res premi\u00e8res de haute qualit\u00e9, achet\u00e9es aupr\u00e8s de fournisseurs certifi\u00e9s GFSI. Une fois que les mati\u00e8res premi\u00e8res ont \u00e9t\u00e9 approuv\u00e9es lors de notre contr\u00f4le de qualit\u00e9, celles-ci peuvent \u00eatre trait\u00e9es dans nos locaux hygi\u00e9niques. Les mati\u00e8res premi\u00e8res sont lav\u00e9es, coup\u00e9es et inspect\u00e9es visuellement &hellip; <a href=\"https:\/\/mado-conserven.nl\/fr\/productieproces\/\" class=\"more-link\">Continuer la lecture de <span class=\"screen-reader-text\">Processus de production<\/span> <span class=\"meta-nav\">&rarr;<\/span><\/a><\/p>\n","protected":false},"author":1,"featured_media":0,"parent":0,"menu_order":0,"comment_status":"closed","ping_status":"closed","template":"","meta":{"footnotes":""},"class_list":["post-16","page","type-page","status-publish","hentry"],"yoast_head":"<!-- This site is optimized with the Yoast SEO plugin v27.3 - https:\/\/yoast.com\/product\/yoast-seo-wordpress\/ -->\n<title>Processus de production - Mattheeussens-Wido B.V.<\/title>\n<meta name=\"description\" content=\"De producten van Mattheeussens-Wido B.V. worden uitsluitend geproduceerd middels een zorgvuldig productieproces en met hoogwaardige kwaliteitsgrondstoffen.\" \/>\n<meta name=\"robots\" content=\"index, follow, max-snippet:-1, max-image-preview:large, max-video-preview:-1\" \/>\n<link rel=\"canonical\" href=\"https:\/\/mado-conserven.nl\/productieproces\/\" \/>\n<meta property=\"og:locale\" content=\"fr_FR\" \/>\n<meta property=\"og:type\" content=\"article\" \/>\n<meta property=\"og:title\" content=\"Processus de production - Mattheeussens-Wido B.V.\" \/>\n<meta property=\"og:description\" content=\"De producten van Mattheeussens-Wido B.V. worden uitsluitend geproduceerd middels een zorgvuldig productieproces en met hoogwaardige kwaliteitsgrondstoffen.\" \/>\n<meta property=\"og:url\" content=\"https:\/\/mado-conserven.nl\/productieproces\/\" \/>\n<meta property=\"og:site_name\" content=\"Mattheeussens-Wido B.V.\" \/>\n<meta property=\"article:modified_time\" content=\"2018-06-18T12:07:48+00:00\" \/>\n<meta property=\"og:image\" content=\"https:\/\/mado-conserven.nl\/wp-content\/uploads\/2015\/11\/Mado_015.jpg\" \/>\n\t<meta property=\"og:image:width\" content=\"2048\" \/>\n\t<meta property=\"og:image:height\" content=\"1366\" \/>\n\t<meta property=\"og:image:type\" content=\"image\/jpeg\" \/>\n<meta name=\"twitter:card\" content=\"summary_large_image\" \/>\n<meta name=\"twitter:label1\" content=\"Dur\u00e9e de lecture estim\u00e9e\" \/>\n\t<meta name=\"twitter:data1\" content=\"4 minutes\" \/>\n<script type=\"application\/ld+json\" class=\"yoast-schema-graph\">{\"@context\":\"https:\\\/\\\/schema.org\",\"@graph\":[{\"@type\":\"WebPage\",\"@id\":\"https:\\\/\\\/mado-conserven.nl\\\/productieproces\\\/\",\"url\":\"https:\\\/\\\/mado-conserven.nl\\\/productieproces\\\/\",\"name\":\"Processus de production - Mattheeussens-Wido B.V.\",\"isPartOf\":{\"@id\":\"https:\\\/\\\/mado-conserven.nl\\\/#website\"},\"primaryImageOfPage\":{\"@id\":\"https:\\\/\\\/mado-conserven.nl\\\/productieproces\\\/#primaryimage\"},\"image\":{\"@id\":\"https:\\\/\\\/mado-conserven.nl\\\/productieproces\\\/#primaryimage\"},\"thumbnailUrl\":\"https:\\\/\\\/mado-conserven.nl\\\/wp-content\\\/uploads\\\/2015\\\/11\\\/Mado_015-1024x683.jpg\",\"datePublished\":\"2015-11-10T13:31:54+00:00\",\"dateModified\":\"2018-06-18T12:07:48+00:00\",\"description\":\"De producten van Mattheeussens-Wido B.V. worden uitsluitend geproduceerd middels een zorgvuldig productieproces en met hoogwaardige kwaliteitsgrondstoffen.\",\"breadcrumb\":{\"@id\":\"https:\\\/\\\/mado-conserven.nl\\\/productieproces\\\/#breadcrumb\"},\"inLanguage\":\"fr-FR\",\"potentialAction\":[{\"@type\":\"ReadAction\",\"target\":[\"https:\\\/\\\/mado-conserven.nl\\\/productieproces\\\/\"]}]},{\"@type\":\"ImageObject\",\"inLanguage\":\"fr-FR\",\"@id\":\"https:\\\/\\\/mado-conserven.nl\\\/productieproces\\\/#primaryimage\",\"url\":\"https:\\\/\\\/mado-conserven.nl\\\/wp-content\\\/uploads\\\/2015\\\/11\\\/Mado_015-1024x683.jpg\",\"contentUrl\":\"https:\\\/\\\/mado-conserven.nl\\\/wp-content\\\/uploads\\\/2015\\\/11\\\/Mado_015-1024x683.jpg\"},{\"@type\":\"BreadcrumbList\",\"@id\":\"https:\\\/\\\/mado-conserven.nl\\\/productieproces\\\/#breadcrumb\",\"itemListElement\":[{\"@type\":\"ListItem\",\"position\":1,\"name\":\"Home\",\"item\":\"https:\\\/\\\/mado-conserven.nl\\\/\"},{\"@type\":\"ListItem\",\"position\":2,\"name\":\"Productieproces\"}]},{\"@type\":\"WebSite\",\"@id\":\"https:\\\/\\\/mado-conserven.nl\\\/#website\",\"url\":\"https:\\\/\\\/mado-conserven.nl\\\/\",\"name\":\"Mattheeussens-Wido B.V.\",\"description\":\"Traditionele tafelzuur kwaliteitsproducten\",\"publisher\":{\"@id\":\"https:\\\/\\\/mado-conserven.nl\\\/#organization\"},\"potentialAction\":[{\"@type\":\"SearchAction\",\"target\":{\"@type\":\"EntryPoint\",\"urlTemplate\":\"https:\\\/\\\/mado-conserven.nl\\\/?s={search_term_string}\"},\"query-input\":{\"@type\":\"PropertyValueSpecification\",\"valueRequired\":true,\"valueName\":\"search_term_string\"}}],\"inLanguage\":\"fr-FR\"},{\"@type\":\"Organization\",\"@id\":\"https:\\\/\\\/mado-conserven.nl\\\/#organization\",\"name\":\"Mado conserven\",\"url\":\"https:\\\/\\\/mado-conserven.nl\\\/\",\"logo\":{\"@type\":\"ImageObject\",\"inLanguage\":\"fr-FR\",\"@id\":\"https:\\\/\\\/mado-conserven.nl\\\/#\\\/schema\\\/logo\\\/image\\\/\",\"url\":\"https:\\\/\\\/mado-conserven.nl\\\/wp-content\\\/uploads\\\/2016\\\/02\\\/logo.png\",\"contentUrl\":\"https:\\\/\\\/mado-conserven.nl\\\/wp-content\\\/uploads\\\/2016\\\/02\\\/logo.png\",\"width\":424,\"height\":176,\"caption\":\"Mado conserven\"},\"image\":{\"@id\":\"https:\\\/\\\/mado-conserven.nl\\\/#\\\/schema\\\/logo\\\/image\\\/\"}}]}<\/script>\n<!-- \/ Yoast SEO plugin. -->","yoast_head_json":{"title":"Processus de production - Mattheeussens-Wido B.V.","description":"De producten van Mattheeussens-Wido B.V. worden uitsluitend geproduceerd middels een zorgvuldig productieproces en met hoogwaardige kwaliteitsgrondstoffen.","robots":{"index":"index","follow":"follow","max-snippet":"max-snippet:-1","max-image-preview":"max-image-preview:large","max-video-preview":"max-video-preview:-1"},"canonical":"https:\/\/mado-conserven.nl\/productieproces\/","og_locale":"fr_FR","og_type":"article","og_title":"Processus de production - Mattheeussens-Wido B.V.","og_description":"De producten van Mattheeussens-Wido B.V. worden uitsluitend geproduceerd middels een zorgvuldig productieproces en met hoogwaardige kwaliteitsgrondstoffen.","og_url":"https:\/\/mado-conserven.nl\/productieproces\/","og_site_name":"Mattheeussens-Wido B.V.","article_modified_time":"2018-06-18T12:07:48+00:00","og_image":[{"width":2048,"height":1366,"url":"https:\/\/mado-conserven.nl\/wp-content\/uploads\/2015\/11\/Mado_015.jpg","type":"image\/jpeg"}],"twitter_card":"summary_large_image","twitter_misc":{"Dur\u00e9e de lecture estim\u00e9e":"4 minutes"},"schema":{"@context":"https:\/\/schema.org","@graph":[{"@type":"WebPage","@id":"https:\/\/mado-conserven.nl\/productieproces\/","url":"https:\/\/mado-conserven.nl\/productieproces\/","name":"Processus de production - Mattheeussens-Wido B.V.","isPartOf":{"@id":"https:\/\/mado-conserven.nl\/#website"},"primaryImageOfPage":{"@id":"https:\/\/mado-conserven.nl\/productieproces\/#primaryimage"},"image":{"@id":"https:\/\/mado-conserven.nl\/productieproces\/#primaryimage"},"thumbnailUrl":"https:\/\/mado-conserven.nl\/wp-content\/uploads\/2015\/11\/Mado_015-1024x683.jpg","datePublished":"2015-11-10T13:31:54+00:00","dateModified":"2018-06-18T12:07:48+00:00","description":"De producten van Mattheeussens-Wido B.V. worden uitsluitend geproduceerd middels een zorgvuldig productieproces en met hoogwaardige kwaliteitsgrondstoffen.","breadcrumb":{"@id":"https:\/\/mado-conserven.nl\/productieproces\/#breadcrumb"},"inLanguage":"fr-FR","potentialAction":[{"@type":"ReadAction","target":["https:\/\/mado-conserven.nl\/productieproces\/"]}]},{"@type":"ImageObject","inLanguage":"fr-FR","@id":"https:\/\/mado-conserven.nl\/productieproces\/#primaryimage","url":"https:\/\/mado-conserven.nl\/wp-content\/uploads\/2015\/11\/Mado_015-1024x683.jpg","contentUrl":"https:\/\/mado-conserven.nl\/wp-content\/uploads\/2015\/11\/Mado_015-1024x683.jpg"},{"@type":"BreadcrumbList","@id":"https:\/\/mado-conserven.nl\/productieproces\/#breadcrumb","itemListElement":[{"@type":"ListItem","position":1,"name":"Home","item":"https:\/\/mado-conserven.nl\/"},{"@type":"ListItem","position":2,"name":"Productieproces"}]},{"@type":"WebSite","@id":"https:\/\/mado-conserven.nl\/#website","url":"https:\/\/mado-conserven.nl\/","name":"Mattheeussens-Wido B.V.","description":"Traditionele tafelzuur kwaliteitsproducten","publisher":{"@id":"https:\/\/mado-conserven.nl\/#organization"},"potentialAction":[{"@type":"SearchAction","target":{"@type":"EntryPoint","urlTemplate":"https:\/\/mado-conserven.nl\/?s={search_term_string}"},"query-input":{"@type":"PropertyValueSpecification","valueRequired":true,"valueName":"search_term_string"}}],"inLanguage":"fr-FR"},{"@type":"Organization","@id":"https:\/\/mado-conserven.nl\/#organization","name":"Mado conserven","url":"https:\/\/mado-conserven.nl\/","logo":{"@type":"ImageObject","inLanguage":"fr-FR","@id":"https:\/\/mado-conserven.nl\/#\/schema\/logo\/image\/","url":"https:\/\/mado-conserven.nl\/wp-content\/uploads\/2016\/02\/logo.png","contentUrl":"https:\/\/mado-conserven.nl\/wp-content\/uploads\/2016\/02\/logo.png","width":424,"height":176,"caption":"Mado conserven"},"image":{"@id":"https:\/\/mado-conserven.nl\/#\/schema\/logo\/image\/"}}]}},"_links":{"self":[{"href":"https:\/\/mado-conserven.nl\/fr\/wp-json\/wp\/v2\/pages\/16","targetHints":{"allow":["GET"]}}],"collection":[{"href":"https:\/\/mado-conserven.nl\/fr\/wp-json\/wp\/v2\/pages"}],"about":[{"href":"https:\/\/mado-conserven.nl\/fr\/wp-json\/wp\/v2\/types\/page"}],"author":[{"embeddable":true,"href":"https:\/\/mado-conserven.nl\/fr\/wp-json\/wp\/v2\/users\/1"}],"replies":[{"embeddable":true,"href":"https:\/\/mado-conserven.nl\/fr\/wp-json\/wp\/v2\/comments?post=16"}],"version-history":[{"count":38,"href":"https:\/\/mado-conserven.nl\/fr\/wp-json\/wp\/v2\/pages\/16\/revisions"}],"predecessor-version":[{"id":496,"href":"https:\/\/mado-conserven.nl\/fr\/wp-json\/wp\/v2\/pages\/16\/revisions\/496"}],"wp:attachment":[{"href":"https:\/\/mado-conserven.nl\/fr\/wp-json\/wp\/v2\/media?parent=16"}],"curies":[{"name":"wp","href":"https:\/\/api.w.org\/{rel}","templated":true}]}}