{"id":20,"date":"2015-11-10T14:32:24","date_gmt":"2015-11-10T13:32:24","guid":{"rendered":"http:\/\/mado-conserven.nl\/DEVELOPMENTMADO\/?page_id=20"},"modified":"2021-04-07T12:44:57","modified_gmt":"2021-04-07T11:44:57","slug":"home","status":"publish","type":"page","link":"https:\/\/mado-conserven.nl\/fr\/","title":{"rendered":"Acceuil"},"content":{"rendered":"<p><\/p>\n<h2>\u00c0 propos de Mattheeussens-Wido B.V. et leurs conserves de l\u00e9gumes<\/h2>\n<p>Mattheeussens-Wido B.V. est un producteur et fournisseur de conserves de l\u00e9gumes, o\u00f9 nous nous concentrons principalement sur les produits acides. Notre gamme comprend, entre autres, des conserves au vinaigre, les petits oignons, les oignons traditionnels, betterave rouge, le chou rouge, les cornichons tjampoer et autres salades, tous conserv\u00e9s avec leur propre jus de couverture et emball\u00e9s dans un bocal en verre.<\/p>\n<p>L&rsquo;histoire de la soci\u00e9t\u00e9 remonte \u00e0 environ 1850. Cornelis Mattheeussens a cr\u00e9\u00e9 la soci\u00e9t\u00e9 l&rsquo;achat, le s\u00e9chage et le commerce de la chicor\u00e9e verte. La moutarde et le piccalilli ont fait leur apparition apr\u00e8s 1920. En 1968, la voile est tomb\u00e9e pour le caf\u00e9 la soci\u00e9t\u00e9 s&rsquo;est orient\u00e9e vers les produits qui sont encore pr\u00e9s\u00e9nt \u00e0 ce jour. Cette transition a \u00e9t\u00e9 accompagn\u00e9e par le changement du nom de l&rsquo;entreprise; N. V. Wed C. Mattheeussens et ZN est devenu Mattheeussens-Wido B.V. Actuellement, la gestion est entre les mains de la 4\u00e8me et 5\u00e8me g\u00e9n\u00e9ration, repr\u00e9sent\u00e9e par Mr. R.E.A. (Raymond) Mattheeussens et Mr. C.J.A.M. (Cees) Mattheeussens.<\/p>\n<p>Bien que nous vendons des produits sous la marque \u00ab Mado \u00bb, une combinaison des premi\u00e8res et deux derni\u00e8res lettres du nom de l&rsquo;entreprise, plus de 95% des ventes son r\u00e9alis\u00e9es sous d&rsquo;autres marques, qui sont livr\u00e9s aux entreprises familiales aux grandes cha\u00eenes de supermarch\u00e9s nationales et internationales. Aux Pays-Bas et en Belgique, par exemple, nous fournissons environ 70% de tous les produits acides sous les marques distributeurs. C&rsquo;est un ratio de couverture dont nous sommes tr\u00e8s fiers. Gr\u00e2ce aux efforts de tous, nous appartenons \u00e0 l&rsquo;ordre \u00e9tabli au sein de notre secteur.<\/p>\n<p><a href=\"https:\/\/mado-conserven.nl\/over-mado-conserven\">En savoir plus sur Mattheeussens-Wido B.V.<\/a><\/p>","protected":false},"excerpt":{"rendered":"<p>\u00c0 propos de Mattheeussens-Wido B.V. et leurs conserves de l\u00e9gumes Mattheeussens-Wido B.V. est un producteur et fournisseur de conserves de l\u00e9gumes, o\u00f9 nous nous concentrons principalement sur les produits acides. Notre gamme comprend, entre autres, des conserves au vinaigre, les petits oignons, les oignons traditionnels, betterave rouge, le chou rouge, les cornichons tjampoer et autres &hellip; <a href=\"https:\/\/mado-conserven.nl\/fr\/\" class=\"more-link\">Continuer la lecture de <span class=\"screen-reader-text\">Acceuil<\/span> <span class=\"meta-nav\">&rarr;<\/span><\/a><\/p>\n","protected":false},"author":1,"featured_media":0,"parent":0,"menu_order":0,"comment_status":"closed","ping_status":"closed","template":"page-home.php","meta":{"footnotes":""},"class_list":["post-20","page","type-page","status-publish","hentry"],"yoast_head":"<!-- This site is optimized with the Yoast SEO plugin v27.3 - https:\/\/yoast.com\/product\/yoast-seo-wordpress\/ -->\n<title>Acceuil - Mattheeussens-Wido B.V.<\/title>\n<meta name=\"description\" content=\"producent en leverancier van groenteconserven en zuurwaren. Assortiment: augurken, zilveruitjes, traditionele uien, rode bieten, rode kool, atjar tjampoer.\" \/>\n<meta name=\"robots\" content=\"index, follow, max-snippet:-1, max-image-preview:large, max-video-preview:-1\" \/>\n<link rel=\"canonical\" href=\"https:\/\/mado-conserven.nl\/\" \/>\n<meta property=\"og:locale\" content=\"fr_FR\" \/>\n<meta property=\"og:type\" content=\"article\" \/>\n<meta property=\"og:title\" content=\"Acceuil - Mattheeussens-Wido B.V.\" \/>\n<meta property=\"og:description\" content=\"producent en leverancier van groenteconserven en zuurwaren. Assortiment: augurken, zilveruitjes, traditionele uien, rode bieten, rode kool, atjar tjampoer.\" \/>\n<meta property=\"og:url\" content=\"https:\/\/mado-conserven.nl\/\" \/>\n<meta property=\"og:site_name\" content=\"Mattheeussens-Wido B.V.\" \/>\n<meta property=\"article:modified_time\" content=\"2021-04-07T11:44:57+00:00\" \/>\n<meta name=\"twitter:card\" content=\"summary_large_image\" \/>\n<meta name=\"twitter:label1\" content=\"Dur\u00e9e de lecture estim\u00e9e\" \/>\n\t<meta name=\"twitter:data1\" content=\"4 minutes\" \/>\n<script type=\"application\/ld+json\" class=\"yoast-schema-graph\">{\"@context\":\"https:\\\/\\\/schema.org\",\"@graph\":[{\"@type\":\"WebPage\",\"@id\":\"https:\\\/\\\/mado-conserven.nl\\\/\",\"url\":\"https:\\\/\\\/mado-conserven.nl\\\/\",\"name\":\"Acceuil - Mattheeussens-Wido B.V.\",\"isPartOf\":{\"@id\":\"https:\\\/\\\/mado-conserven.nl\\\/#website\"},\"datePublished\":\"2015-11-10T13:32:24+00:00\",\"dateModified\":\"2021-04-07T11:44:57+00:00\",\"description\":\"producent en leverancier van groenteconserven en zuurwaren. Assortiment: augurken, zilveruitjes, traditionele uien, rode bieten, rode kool, atjar tjampoer.\",\"breadcrumb\":{\"@id\":\"https:\\\/\\\/mado-conserven.nl\\\/#breadcrumb\"},\"inLanguage\":\"fr-FR\",\"potentialAction\":[{\"@type\":\"ReadAction\",\"target\":[\"https:\\\/\\\/mado-conserven.nl\\\/\"]}]},{\"@type\":\"BreadcrumbList\",\"@id\":\"https:\\\/\\\/mado-conserven.nl\\\/#breadcrumb\",\"itemListElement\":[{\"@type\":\"ListItem\",\"position\":1,\"name\":\"Home\",\"item\":\"https:\\\/\\\/mado-conserven.nl\\\/\"},{\"@type\":\"ListItem\",\"position\":2,\"name\":\"Home\"}]},{\"@type\":\"WebSite\",\"@id\":\"https:\\\/\\\/mado-conserven.nl\\\/#website\",\"url\":\"https:\\\/\\\/mado-conserven.nl\\\/\",\"name\":\"Mattheeussens-Wido B.V.\",\"description\":\"Traditionele tafelzuur kwaliteitsproducten\",\"publisher\":{\"@id\":\"https:\\\/\\\/mado-conserven.nl\\\/#organization\"},\"potentialAction\":[{\"@type\":\"SearchAction\",\"target\":{\"@type\":\"EntryPoint\",\"urlTemplate\":\"https:\\\/\\\/mado-conserven.nl\\\/?s={search_term_string}\"},\"query-input\":{\"@type\":\"PropertyValueSpecification\",\"valueRequired\":true,\"valueName\":\"search_term_string\"}}],\"inLanguage\":\"fr-FR\"},{\"@type\":\"Organization\",\"@id\":\"https:\\\/\\\/mado-conserven.nl\\\/#organization\",\"name\":\"Mado conserven\",\"url\":\"https:\\\/\\\/mado-conserven.nl\\\/\",\"logo\":{\"@type\":\"ImageObject\",\"inLanguage\":\"fr-FR\",\"@id\":\"https:\\\/\\\/mado-conserven.nl\\\/#\\\/schema\\\/logo\\\/image\\\/\",\"url\":\"https:\\\/\\\/mado-conserven.nl\\\/wp-content\\\/uploads\\\/2016\\\/02\\\/logo.png\",\"contentUrl\":\"https:\\\/\\\/mado-conserven.nl\\\/wp-content\\\/uploads\\\/2016\\\/02\\\/logo.png\",\"width\":424,\"height\":176,\"caption\":\"Mado conserven\"},\"image\":{\"@id\":\"https:\\\/\\\/mado-conserven.nl\\\/#\\\/schema\\\/logo\\\/image\\\/\"}}]}<\/script>\n<!-- \/ Yoast SEO plugin. -->","yoast_head_json":{"title":"Acceuil - Mattheeussens-Wido B.V.","description":"producent en leverancier van groenteconserven en zuurwaren. Assortiment: augurken, zilveruitjes, traditionele uien, rode bieten, rode kool, atjar tjampoer.","robots":{"index":"index","follow":"follow","max-snippet":"max-snippet:-1","max-image-preview":"max-image-preview:large","max-video-preview":"max-video-preview:-1"},"canonical":"https:\/\/mado-conserven.nl\/","og_locale":"fr_FR","og_type":"article","og_title":"Acceuil - Mattheeussens-Wido B.V.","og_description":"producent en leverancier van groenteconserven en zuurwaren. Assortiment: augurken, zilveruitjes, traditionele uien, rode bieten, rode kool, atjar tjampoer.","og_url":"https:\/\/mado-conserven.nl\/","og_site_name":"Mattheeussens-Wido B.V.","article_modified_time":"2021-04-07T11:44:57+00:00","twitter_card":"summary_large_image","twitter_misc":{"Dur\u00e9e de lecture estim\u00e9e":"4 minutes"},"schema":{"@context":"https:\/\/schema.org","@graph":[{"@type":"WebPage","@id":"https:\/\/mado-conserven.nl\/","url":"https:\/\/mado-conserven.nl\/","name":"Acceuil - Mattheeussens-Wido B.V.","isPartOf":{"@id":"https:\/\/mado-conserven.nl\/#website"},"datePublished":"2015-11-10T13:32:24+00:00","dateModified":"2021-04-07T11:44:57+00:00","description":"producent en leverancier van groenteconserven en zuurwaren. Assortiment: augurken, zilveruitjes, traditionele uien, rode bieten, rode kool, atjar tjampoer.","breadcrumb":{"@id":"https:\/\/mado-conserven.nl\/#breadcrumb"},"inLanguage":"fr-FR","potentialAction":[{"@type":"ReadAction","target":["https:\/\/mado-conserven.nl\/"]}]},{"@type":"BreadcrumbList","@id":"https:\/\/mado-conserven.nl\/#breadcrumb","itemListElement":[{"@type":"ListItem","position":1,"name":"Home","item":"https:\/\/mado-conserven.nl\/"},{"@type":"ListItem","position":2,"name":"Home"}]},{"@type":"WebSite","@id":"https:\/\/mado-conserven.nl\/#website","url":"https:\/\/mado-conserven.nl\/","name":"Mattheeussens-Wido B.V.","description":"Traditionele tafelzuur kwaliteitsproducten","publisher":{"@id":"https:\/\/mado-conserven.nl\/#organization"},"potentialAction":[{"@type":"SearchAction","target":{"@type":"EntryPoint","urlTemplate":"https:\/\/mado-conserven.nl\/?s={search_term_string}"},"query-input":{"@type":"PropertyValueSpecification","valueRequired":true,"valueName":"search_term_string"}}],"inLanguage":"fr-FR"},{"@type":"Organization","@id":"https:\/\/mado-conserven.nl\/#organization","name":"Mado conserven","url":"https:\/\/mado-conserven.nl\/","logo":{"@type":"ImageObject","inLanguage":"fr-FR","@id":"https:\/\/mado-conserven.nl\/#\/schema\/logo\/image\/","url":"https:\/\/mado-conserven.nl\/wp-content\/uploads\/2016\/02\/logo.png","contentUrl":"https:\/\/mado-conserven.nl\/wp-content\/uploads\/2016\/02\/logo.png","width":424,"height":176,"caption":"Mado conserven"},"image":{"@id":"https:\/\/mado-conserven.nl\/#\/schema\/logo\/image\/"}}]}},"_links":{"self":[{"href":"https:\/\/mado-conserven.nl\/fr\/wp-json\/wp\/v2\/pages\/20","targetHints":{"allow":["GET"]}}],"collection":[{"href":"https:\/\/mado-conserven.nl\/fr\/wp-json\/wp\/v2\/pages"}],"about":[{"href":"https:\/\/mado-conserven.nl\/fr\/wp-json\/wp\/v2\/types\/page"}],"author":[{"embeddable":true,"href":"https:\/\/mado-conserven.nl\/fr\/wp-json\/wp\/v2\/users\/1"}],"replies":[{"embeddable":true,"href":"https:\/\/mado-conserven.nl\/fr\/wp-json\/wp\/v2\/comments?post=20"}],"version-history":[{"count":18,"href":"https:\/\/mado-conserven.nl\/fr\/wp-json\/wp\/v2\/pages\/20\/revisions"}],"predecessor-version":[{"id":594,"href":"https:\/\/mado-conserven.nl\/fr\/wp-json\/wp\/v2\/pages\/20\/revisions\/594"}],"wp:attachment":[{"href":"https:\/\/mado-conserven.nl\/fr\/wp-json\/wp\/v2\/media?parent=20"}],"curies":[{"name":"wp","href":"https:\/\/api.w.org\/{rel}","templated":true}]}}