{"id":4,"date":"2015-11-10T14:28:25","date_gmt":"2015-11-10T13:28:25","guid":{"rendered":"http:\/\/mado-conserven.nl\/DEVELOPMENTMADO\/?page_id=4"},"modified":"2023-02-10T16:04:40","modified_gmt":"2023-02-10T15:04:40","slug":"over-mattheeussens-wido-bv","status":"publish","type":"page","link":"https:\/\/mado-conserven.nl\/fr\/over-mattheeussens-wido-bv\/","title":{"rendered":"\u00c0 propos de Mattheeussens-Wido B.V."},"content":{"rendered":"<p>Mattheeussens-Wido B.V. est un producteur et fournisseur de conserves de l\u00e9gumes, o\u00f9 nous nous concentrons principalement sur les produits vinaigr\u00e9s. Notre gamme comprend, entre autres, des conserves au vinaigre, les petits oignons, les oignons traditionnels, les betteraves rouges, le chou rouge, les cornichons, atjars tjampoers et autres salades, tous conserv\u00e9s avec leur propre jus de couverture et emball\u00e9s dans un bocal en verre.<\/p>\n<p>L&rsquo;histoire de la soci\u00e9t\u00e9 remonte \u00e0 environ 1850. Cornelis Mattheeussens a cr\u00e9\u00e9 la soci\u00e9t\u00e9 par l&rsquo;achat, le s\u00e9chage et le commerce de la chicor\u00e9e verte. La moutarde et le piccalilli ont fait leur apparition apr\u00e8s 1920. En 1968, le voile est tomb\u00e9 pour le caf\u00e9. La soci\u00e9t\u00e9 s&rsquo;est orient\u00e9e vers les produits qui sont encore pr\u00e9s\u00e9nts \u00e0 ce jour. Cette transition a \u00e9t\u00e9 accompagn\u00e9e par le changement du nom de l&rsquo;entreprise; N. V. Wed C. Mattheeussens et ZN est devenu Mattheeussens-Wido B.V. Actuellement, la gestion est entre les mains de la 4\u00e8me et 5\u00e8me g\u00e9n\u00e9ration, repr\u00e9sent\u00e9e par Mr. R.E.A. (Raymond) Mattheeussens et Mr. C.J.A.M. (Cees) Mattheeussens.<\/p>\n<p>Bien que nous vendons des produits sous notre marque \u00ab Mado \u00bb, une combinaison des premi\u00e8res et deux derni\u00e8res lettres du nom de l&rsquo;entreprise, plus de 95% des ventes son r\u00e9alis\u00e9es sous d&rsquo;autres marques, qui sont livr\u00e9es aux grandes cha\u00eenes de supermarch\u00e9s nationales et internationales. Aux Pays-Bas et en Belgique, par exemple, nous fournissons environ 70% de tous les produits sous les marques distributeurs. C&rsquo;est un ratio de couverture dont nous sommes tr\u00e8s fiers. Gr\u00e2ce aux efforts de tous, nous appartenons \u00e0 l&rsquo;ordre \u00e9tabli au sein de notre secteur.<\/p>\n<p id=\"tw-target-text\" class=\"tw-data-text tw-ta tw-text-small\" dir=\"ltr\" data-placeholder=\"Translation\"><span lang=\"fr\">Gr\u00e2ce aux investissements que nous avons r\u00e9alis\u00e9s au fil des ann\u00e9es, nous disposons d&rsquo;une ligne de production extr\u00eamement moderne. Avec cette ligne de production, nous sommes non seulement en mesure de r\u00e9pondre aux exigences de haute qualit\u00e9 exig\u00e9es par nos clients, mais nous pouvons \u00e9galement apporter un produit \u00e9quitable et comp\u00e9titif sur le march\u00e9. Bien s\u00fbr, nous ne pouvons tirer le meilleur parti de nos machines que si les employ\u00e9s sont enti\u00e8rement qualifi\u00e9s. Nos employ\u00e9s ont acquis beaucoup d&rsquo;exp\u00e9rience, de connaissances et de comp\u00e9tences au fil des ann\u00e9es.<\/span><\/p>\n<p class=\"tw-data-text tw-ta tw-text-small\" dir=\"ltr\" data-placeholder=\"Translation\"><span lang=\"fr\">Outre les investissements dans le domaine de la production, nous prenons \u00e9galement le temps d&rsquo;\u00e9tablir de bonnes relations\u00a0solides et fiables avec nos partenaires commerciaux. Du c\u00f4t\u00e9 des ventes, nous assurons le calme et la s\u00e9curit\u00e9 au sein de l&rsquo;entreprise et, du c\u00f4t\u00e9 des achats, ces partenaires sont essentiels pour r\u00e9aliser notre vision \u00e0 long terme et servir au mieux nos clients dans le futur.<\/span><\/p>\n<p dir=\"ltr\" data-placeholder=\"Translation\"><a href=\"https:\/\/mado-conserven.nl\/mado-conserven-v03\/\" target=\"_blank\" rel=\"noopener noreferrer\">Film d&rsquo;enterprise Mattheeussens-WIDO BV<\/a><\/p>\n<p><\/p>","protected":false},"excerpt":{"rendered":"<p>Mattheeussens-Wido B.V. est un producteur et fournisseur de conserves de l\u00e9gumes, o\u00f9 nous nous concentrons principalement sur les produits vinaigr\u00e9s. Notre gamme comprend, entre autres, des conserves au vinaigre, les petits oignons, les oignons traditionnels, les betteraves rouges, le chou rouge, les cornichons, atjars tjampoers et autres salades, tous conserv\u00e9s avec leur propre jus de &hellip; <a href=\"https:\/\/mado-conserven.nl\/fr\/over-mattheeussens-wido-bv\/\" class=\"more-link\">Continuer la lecture de <span class=\"screen-reader-text\">\u00c0 propos de Mattheeussens-Wido B.V.<\/span> <span class=\"meta-nav\">&rarr;<\/span><\/a><\/p>\n","protected":false},"author":1,"featured_media":0,"parent":0,"menu_order":0,"comment_status":"closed","ping_status":"closed","template":"","meta":{"footnotes":""},"class_list":["post-4","page","type-page","status-publish","hentry"],"yoast_head":"<!-- This site is optimized with the Yoast SEO plugin v27.3 - https:\/\/yoast.com\/product\/yoast-seo-wordpress\/ -->\n<title>\u00c0 propos de Mattheeussens-Wido B.V. - Mattheeussens-Wido B.V.<\/title>\n<meta name=\"description\" content=\"Mado Conserven is een producent en leverancier van groenteconserven, waarbij we ons voornamelijk richten op zuurwaren\" \/>\n<meta name=\"robots\" content=\"index, follow, max-snippet:-1, max-image-preview:large, max-video-preview:-1\" \/>\n<link rel=\"canonical\" href=\"https:\/\/mado-conserven.nl\/over-mattheeussens-wido-bv\/\" \/>\n<meta property=\"og:locale\" content=\"fr_FR\" \/>\n<meta property=\"og:type\" content=\"article\" \/>\n<meta property=\"og:title\" content=\"\u00c0 propos de Mattheeussens-Wido B.V. - Mattheeussens-Wido B.V.\" \/>\n<meta property=\"og:description\" content=\"Mado Conserven is een producent en leverancier van groenteconserven, waarbij we ons voornamelijk richten op zuurwaren\" \/>\n<meta property=\"og:url\" content=\"https:\/\/mado-conserven.nl\/over-mattheeussens-wido-bv\/\" \/>\n<meta property=\"og:site_name\" content=\"Mattheeussens-Wido B.V.\" \/>\n<meta property=\"article:modified_time\" content=\"2023-02-10T15:04:40+00:00\" \/>\n<meta name=\"twitter:card\" content=\"summary_large_image\" \/>\n<meta name=\"twitter:label1\" content=\"Dur\u00e9e de lecture estim\u00e9e\" \/>\n\t<meta name=\"twitter:data1\" content=\"6 minutes\" \/>\n<script type=\"application\/ld+json\" class=\"yoast-schema-graph\">{\"@context\":\"https:\\\/\\\/schema.org\",\"@graph\":[{\"@type\":\"WebPage\",\"@id\":\"https:\\\/\\\/mado-conserven.nl\\\/over-mattheeussens-wido-bv\\\/\",\"url\":\"https:\\\/\\\/mado-conserven.nl\\\/over-mattheeussens-wido-bv\\\/\",\"name\":\"\u00c0 propos de Mattheeussens-Wido B.V. - Mattheeussens-Wido B.V.\",\"isPartOf\":{\"@id\":\"https:\\\/\\\/mado-conserven.nl\\\/#website\"},\"datePublished\":\"2015-11-10T13:28:25+00:00\",\"dateModified\":\"2023-02-10T15:04:40+00:00\",\"description\":\"Mado Conserven is een producent en leverancier van groenteconserven, waarbij we ons voornamelijk richten op zuurwaren\",\"breadcrumb\":{\"@id\":\"https:\\\/\\\/mado-conserven.nl\\\/over-mattheeussens-wido-bv\\\/#breadcrumb\"},\"inLanguage\":\"fr-FR\",\"potentialAction\":[{\"@type\":\"ReadAction\",\"target\":[\"https:\\\/\\\/mado-conserven.nl\\\/over-mattheeussens-wido-bv\\\/\"]}]},{\"@type\":\"BreadcrumbList\",\"@id\":\"https:\\\/\\\/mado-conserven.nl\\\/over-mattheeussens-wido-bv\\\/#breadcrumb\",\"itemListElement\":[{\"@type\":\"ListItem\",\"position\":1,\"name\":\"Home\",\"item\":\"https:\\\/\\\/mado-conserven.nl\\\/\"},{\"@type\":\"ListItem\",\"position\":2,\"name\":\"Over Mattheeussens-Wido B.V.\"}]},{\"@type\":\"WebSite\",\"@id\":\"https:\\\/\\\/mado-conserven.nl\\\/#website\",\"url\":\"https:\\\/\\\/mado-conserven.nl\\\/\",\"name\":\"Mattheeussens-Wido B.V.\",\"description\":\"Traditionele tafelzuur kwaliteitsproducten\",\"publisher\":{\"@id\":\"https:\\\/\\\/mado-conserven.nl\\\/#organization\"},\"potentialAction\":[{\"@type\":\"SearchAction\",\"target\":{\"@type\":\"EntryPoint\",\"urlTemplate\":\"https:\\\/\\\/mado-conserven.nl\\\/?s={search_term_string}\"},\"query-input\":{\"@type\":\"PropertyValueSpecification\",\"valueRequired\":true,\"valueName\":\"search_term_string\"}}],\"inLanguage\":\"fr-FR\"},{\"@type\":\"Organization\",\"@id\":\"https:\\\/\\\/mado-conserven.nl\\\/#organization\",\"name\":\"Mado conserven\",\"url\":\"https:\\\/\\\/mado-conserven.nl\\\/\",\"logo\":{\"@type\":\"ImageObject\",\"inLanguage\":\"fr-FR\",\"@id\":\"https:\\\/\\\/mado-conserven.nl\\\/#\\\/schema\\\/logo\\\/image\\\/\",\"url\":\"https:\\\/\\\/mado-conserven.nl\\\/wp-content\\\/uploads\\\/2016\\\/02\\\/logo.png\",\"contentUrl\":\"https:\\\/\\\/mado-conserven.nl\\\/wp-content\\\/uploads\\\/2016\\\/02\\\/logo.png\",\"width\":424,\"height\":176,\"caption\":\"Mado conserven\"},\"image\":{\"@id\":\"https:\\\/\\\/mado-conserven.nl\\\/#\\\/schema\\\/logo\\\/image\\\/\"}}]}<\/script>\n<!-- \/ Yoast SEO plugin. -->","yoast_head_json":{"title":"\u00c0 propos de Mattheeussens-Wido B.V. - Mattheeussens-Wido B.V.","description":"Mado Conserven is een producent en leverancier van groenteconserven, waarbij we ons voornamelijk richten op zuurwaren","robots":{"index":"index","follow":"follow","max-snippet":"max-snippet:-1","max-image-preview":"max-image-preview:large","max-video-preview":"max-video-preview:-1"},"canonical":"https:\/\/mado-conserven.nl\/over-mattheeussens-wido-bv\/","og_locale":"fr_FR","og_type":"article","og_title":"\u00c0 propos de Mattheeussens-Wido B.V. - Mattheeussens-Wido B.V.","og_description":"Mado Conserven is een producent en leverancier van groenteconserven, waarbij we ons voornamelijk richten op zuurwaren","og_url":"https:\/\/mado-conserven.nl\/over-mattheeussens-wido-bv\/","og_site_name":"Mattheeussens-Wido B.V.","article_modified_time":"2023-02-10T15:04:40+00:00","twitter_card":"summary_large_image","twitter_misc":{"Dur\u00e9e de lecture estim\u00e9e":"6 minutes"},"schema":{"@context":"https:\/\/schema.org","@graph":[{"@type":"WebPage","@id":"https:\/\/mado-conserven.nl\/over-mattheeussens-wido-bv\/","url":"https:\/\/mado-conserven.nl\/over-mattheeussens-wido-bv\/","name":"\u00c0 propos de Mattheeussens-Wido B.V. - Mattheeussens-Wido B.V.","isPartOf":{"@id":"https:\/\/mado-conserven.nl\/#website"},"datePublished":"2015-11-10T13:28:25+00:00","dateModified":"2023-02-10T15:04:40+00:00","description":"Mado Conserven is een producent en leverancier van groenteconserven, waarbij we ons voornamelijk richten op zuurwaren","breadcrumb":{"@id":"https:\/\/mado-conserven.nl\/over-mattheeussens-wido-bv\/#breadcrumb"},"inLanguage":"fr-FR","potentialAction":[{"@type":"ReadAction","target":["https:\/\/mado-conserven.nl\/over-mattheeussens-wido-bv\/"]}]},{"@type":"BreadcrumbList","@id":"https:\/\/mado-conserven.nl\/over-mattheeussens-wido-bv\/#breadcrumb","itemListElement":[{"@type":"ListItem","position":1,"name":"Home","item":"https:\/\/mado-conserven.nl\/"},{"@type":"ListItem","position":2,"name":"Over Mattheeussens-Wido B.V."}]},{"@type":"WebSite","@id":"https:\/\/mado-conserven.nl\/#website","url":"https:\/\/mado-conserven.nl\/","name":"Mattheeussens-Wido B.V.","description":"Traditionele tafelzuur kwaliteitsproducten","publisher":{"@id":"https:\/\/mado-conserven.nl\/#organization"},"potentialAction":[{"@type":"SearchAction","target":{"@type":"EntryPoint","urlTemplate":"https:\/\/mado-conserven.nl\/?s={search_term_string}"},"query-input":{"@type":"PropertyValueSpecification","valueRequired":true,"valueName":"search_term_string"}}],"inLanguage":"fr-FR"},{"@type":"Organization","@id":"https:\/\/mado-conserven.nl\/#organization","name":"Mado conserven","url":"https:\/\/mado-conserven.nl\/","logo":{"@type":"ImageObject","inLanguage":"fr-FR","@id":"https:\/\/mado-conserven.nl\/#\/schema\/logo\/image\/","url":"https:\/\/mado-conserven.nl\/wp-content\/uploads\/2016\/02\/logo.png","contentUrl":"https:\/\/mado-conserven.nl\/wp-content\/uploads\/2016\/02\/logo.png","width":424,"height":176,"caption":"Mado conserven"},"image":{"@id":"https:\/\/mado-conserven.nl\/#\/schema\/logo\/image\/"}}]}},"_links":{"self":[{"href":"https:\/\/mado-conserven.nl\/fr\/wp-json\/wp\/v2\/pages\/4","targetHints":{"allow":["GET"]}}],"collection":[{"href":"https:\/\/mado-conserven.nl\/fr\/wp-json\/wp\/v2\/pages"}],"about":[{"href":"https:\/\/mado-conserven.nl\/fr\/wp-json\/wp\/v2\/types\/page"}],"author":[{"embeddable":true,"href":"https:\/\/mado-conserven.nl\/fr\/wp-json\/wp\/v2\/users\/1"}],"replies":[{"embeddable":true,"href":"https:\/\/mado-conserven.nl\/fr\/wp-json\/wp\/v2\/comments?post=4"}],"version-history":[{"count":21,"href":"https:\/\/mado-conserven.nl\/fr\/wp-json\/wp\/v2\/pages\/4\/revisions"}],"predecessor-version":[{"id":611,"href":"https:\/\/mado-conserven.nl\/fr\/wp-json\/wp\/v2\/pages\/4\/revisions\/611"}],"wp:attachment":[{"href":"https:\/\/mado-conserven.nl\/fr\/wp-json\/wp\/v2\/media?parent=4"}],"curies":[{"name":"wp","href":"https:\/\/api.w.org\/{rel}","templated":true}]}}