{"id":6,"date":"2015-11-10T14:30:09","date_gmt":"2015-11-10T13:30:09","guid":{"rendered":"http:\/\/mado-conserven.nl\/DEVELOPMENTMADO\/?page_id=6"},"modified":"2018-06-18T12:51:04","modified_gmt":"2018-06-18T11:51:04","slug":"historie","status":"publish","type":"page","link":"https:\/\/mado-conserven.nl\/fr\/over-mattheeussens-wido-bv\/historie\/","title":{"rendered":"Histoire de Mattheeussens-Wido B.V."},"content":{"rendered":"<p><\/p>\n<p id=\"tw-target-text\" class=\"tw-data-text tw-ta tw-text-small\" dir=\"ltr\" data-placeholder=\"Translation\"><span lang=\"fr\"><a href=\"https:\/\/mado-conserven.nl\/wp-content\/uploads\/2015\/11\/Mado2_001.jpg\"><img loading=\"lazy\" decoding=\"async\" class=\"alignleft wp-image-311 size-medium\" src=\"https:\/\/mado-conserven.nl\/wp-content\/uploads\/2015\/11\/Mado2_001-206x300.jpg\" alt=\"Mattheeussens-Wido stamboom\" width=\"206\" height=\"300\" srcset=\"https:\/\/mado-conserven.nl\/wp-content\/uploads\/2015\/11\/Mado2_001-206x300.jpg 206w, https:\/\/mado-conserven.nl\/wp-content\/uploads\/2015\/11\/Mado2_001-703x1024.jpg 703w, https:\/\/mado-conserven.nl\/wp-content\/uploads\/2015\/11\/Mado2_001.jpg 1406w\" sizes=\"auto, (max-width: 206px) 100vw, 206px\" \/><\/a>Le fondateur de Mattheeussens-Wido BV, Cornelis Mattheeussens est n\u00e9 \u00e0 Ossendrecht le 31 D\u00e9cembre 1823. Cornelis a commenc\u00e9 au c\u00f4t\u00e9 de son p\u00e8re par l&rsquo;achat, le s\u00e9chage et le commerce de la chicor\u00e9e verte. En 1853, il a construit un nouveau s\u00e9choir sur les terrains de son p\u00e8re. Au cours de cette p\u00e9riode, une connexion a \u00e9t\u00e9 \u00e9tablie avec l&rsquo;avocat de La Haye vivant \u00e0 Ossendrecht, le seigneur Willem Petrus Cornelis Kneyse de Mey. Il d\u00e9cida de construire une usine de chicor\u00e9e sur ses terres, \u00e0 c\u00f4t\u00e9 des \u00e9curies de Cornelis, qui fut construite en 1854. C&rsquo;est le d\u00e9but de la coop\u00e9ration dans la production de la chicor\u00e9e, sous le nom &lsquo;het red Anker&rsquo;. Le commerce se d\u00e9veloppe bien et en 1856, sur la terre de Cornelis, apr\u00e8s la d\u00e9molition de la vieille maison de son p\u00e8re, d\u00e9bute la construction d&rsquo;une nouvelle extension voisine \u00e0 l&rsquo;usine de M.Kneyse de Mey. En 1864, les machines passent au syst\u00e8me \u00e0 vapeur. En 1873, m. Kneyse de Mey est rachet\u00e9e par Cornelis. En 1883, Cornelis meurt \u00e0 l&rsquo;\u00e2ge de 60 ans, laissant sa veuve, Maria Catharina Philips, et leurs dix (surtout des enfants mineurs) enfants dans une situation difficile, avec l&rsquo;usine, la ferme et\u00a0 le commerce. A partir de ce moment, l&rsquo;usine prend le nom de Wed. C. Mattheeussens &amp; Zonen, avec lequel la soci\u00e9t\u00e9 est devenu c\u00e9l\u00e8bre gr\u00e2ce \u00e0 tous les articles officiels et promotionnels dans la presse. Mer. C. Mattheeussens se retira en 1896 et ses fils Sjef et Antoon prenaient la rel\u00e8ve. La Premi\u00e8re Guerre mondiale (1914-1918) \u00e9tait un b\u00e2ton dans les roues du commerce avec la Belgique, en raison du manque de carottes. De l&rsquo;autre c\u00f4t\u00e9, le caf\u00e9 connaissait une hausse de la demande gr\u00e2ce aux r\u00e9fugi\u00e9s et de la guerre dans le reste de l&rsquo;Europe. En cette p\u00e9riode turbulente, il y aurait eu des approvisionnements d&rsquo;Am\u00e9rique du Sud et d&rsquo;Afrique du Sud. Ce commerce ne s&rsquo;est pas poursuivi en raison des droits d&rsquo;importation \u00e9lev\u00e9s et de la qualit\u00e9 inf\u00e9rieure. Dans les ann\u00e9es 1917 \u00e0 1920, les usines de chicor\u00e9e tournent \u00e0 plein r\u00e9gime.<a href=\"https:\/\/mado-conserven.nl\/wp-content\/uploads\/2015\/11\/Mado2_007.jpg\"><img loading=\"lazy\" decoding=\"async\" class=\"alignright wp-image-324 size-medium\" src=\"https:\/\/mado-conserven.nl\/wp-content\/uploads\/2015\/11\/Mado2_007-230x300.jpg\" alt=\"De geschiedenis van Mattheeussens-Wido\" width=\"230\" height=\"300\" srcset=\"https:\/\/mado-conserven.nl\/wp-content\/uploads\/2015\/11\/Mado2_007-230x300.jpg 230w, https:\/\/mado-conserven.nl\/wp-content\/uploads\/2015\/11\/Mado2_007-784x1024.jpg 784w, https:\/\/mado-conserven.nl\/wp-content\/uploads\/2015\/11\/Mado2_007.jpg 1567w\" sizes=\"auto, (max-width: 230px) 100vw, 230px\" \/><\/a><\/span><\/p>\n<p id=\"tw-target-text\" class=\"tw-data-text tw-ta tw-text-small\" dir=\"ltr\" data-placeholder=\"Translation\"><span lang=\"fr\">Dans les ann\u00e9es &rsquo;20, un certain nombre de changements majeurs ont \u00e9t\u00e9 mis en \u0153uvre. En 1922, le passage de la vapeur \u00e0 l&rsquo;\u00e9lectricit\u00e9 a eu lieu et en 1925, le nom a \u00e9t\u00e9 chang\u00e9 en N.V.\u00a0 &lsquo;Het Roode Anker&rsquo;. Charel et Cornelius Mattheeussens, fils de Sjef et d&rsquo;Antoon, deviennent les nouveaux directeurs et repr\u00e9sentent ainsi la troisi\u00e8me g\u00e9n\u00e9ration \u00e0 la t\u00eate de la soci\u00e9t\u00e9. En raison de l&rsquo;expansion de la fabrication du caf\u00e9 en Belgique et de l&rsquo;augmentation des droits d&rsquo;importation, les exportations stagnent. Cependant, les directeurs de &lsquo;Het Roode Anker&rsquo; s&rsquo;adaptent \u00e0 temps. En 1926, ils ach\u00e8tent l&rsquo;usine de moutarde de Westerlaken de &lsquo;s-Hertogenbosch. Plus tard, la ferme est \u00e9galement r\u00e9utilis\u00e9e pour cultiver l&rsquo;oignon. Cependant, en raison de la forte demande, la r\u00e9colte et la production n&rsquo;\u00e9taient pas suffisantes pour y repondre. Un produit additionnel est ajout\u00e9 \u00e0 la gamme, le piccalilly et l&rsquo;ensemble a \u00e9t\u00e9 commercialis\u00e9 sous la marque\u00a0 \u00abHet Roode Anker\u00bb. Une publicit\u00e9 \u00e9tait: \u00ab\u00a0La moutarde et le piccalilly sont si gouteux, ils seront Mattheeussens\u00a0\u00bb. <\/span><\/p>\n<p class=\"tw-data-text tw-ta tw-text-small\" dir=\"ltr\" data-placeholder=\"Translation\"><span lang=\"fr\">En 1930, la soci\u00e9t\u00e9 c\u00e9l\u00e8bre son 80\u00e8me anniversaire, mais \u00e0 part \u00e7a cette p\u00e9riode de crise \u00e9conomique de 1929-1940 formait une p\u00e9riode de survie. La demande de caf\u00e9 bon march\u00e9 \u00e9tait certaine, mais la baisse des prix, l&rsquo;augmentation des droits d&rsquo;importation en Belgique, le ch\u00f4mage, etc. provoquent la\u00a0 r\u00e9tention des ventes de caf\u00e9. Mattheeussens est l&rsquo;un des rares fabricants \u00e0 avoir surv\u00e9cu cette p\u00e9riode. <\/span><\/p>\n<p class=\"tw-data-text tw-ta tw-text-small\" dir=\"ltr\" data-placeholder=\"Translation\"><span lang=\"fr\">La seconde guerre mondiale (1940-1945) donne un renouveau \u00e0 l&rsquo;industrie de la chicor\u00e9e, car l&rsquo;approvisionnement de l&rsquo;\u00e9tranger s&rsquo;arr\u00eate et les occupants allemands ach\u00e8tent tout le caf\u00e9 disponible. L&rsquo;usine fonctionne \u00e0 plein r\u00e9gime mais redescendra post-guerre. En 1950, seulement 400 ha de carottes\u00a0 sont cultiv\u00e9s aux Pays-Bas , alors qu&rsquo;en Belgique, \u00e0 cette \u00e9poque, 2 380 ha. Cependant, trois ans plus tard, il n&rsquo;y aurait plus que 770 ha en Belgique \u00e0 \u00eatre reconstruit. <\/span><\/p>\n<p class=\"tw-data-text tw-ta tw-text-small\" dir=\"ltr\" data-placeholder=\"Translation\"><span lang=\"fr\">En 1950, N.V. Mattheeussens c\u00e9l\u00e8bre son centenaire. Le premier jour, il y a une r\u00e9ception organis\u00e9e pour les partenaires \u00e0 l&rsquo;h\u00f4tel &lsquo;De Draak&rsquo; \u00e0 Bergen op Zoom. Le deuxi\u00e8me jour, une r\u00e9ception \u00e0 Ossendrecht pour le personnel et les habitants d&rsquo;Ossendrecht, dont beaucoup travaillent chez N.V. Mattheeussens.<\/span><\/p>\n<p dir=\"ltr\" data-placeholder=\"Translation\"><a href=\"https:\/\/mado-conserven.nl\/wp-content\/uploads\/2015\/11\/Mado2_012.jpg\"><img loading=\"lazy\" decoding=\"async\" class=\"alignnone wp-image-327\" src=\"https:\/\/mado-conserven.nl\/wp-content\/uploads\/2015\/11\/Mado2_012-300x208.jpg\" alt=\"Historie Mattheeussens-Wido\" width=\"279\" height=\"193\" srcset=\"https:\/\/mado-conserven.nl\/wp-content\/uploads\/2015\/11\/Mado2_012-300x208.jpg 300w, https:\/\/mado-conserven.nl\/wp-content\/uploads\/2015\/11\/Mado2_012-1024x709.jpg 1024w, https:\/\/mado-conserven.nl\/wp-content\/uploads\/2015\/11\/Mado2_012.jpg 1800w\" sizes=\"auto, (max-width: 279px) 100vw, 279px\" \/><\/a>\u00a0\u00a0\u00a0 <a href=\"https:\/\/mado-conserven.nl\/wp-content\/uploads\/2015\/11\/Mado2_011.jpg\"><img loading=\"lazy\" decoding=\"async\" class=\"alignnone wp-image-326 size-medium\" src=\"https:\/\/mado-conserven.nl\/wp-content\/uploads\/2015\/11\/Mado2_011-300x193.jpg\" alt=\"Historie Mattheeussens-Wido\" width=\"300\" height=\"193\" srcset=\"https:\/\/mado-conserven.nl\/wp-content\/uploads\/2015\/11\/Mado2_011-300x193.jpg 300w, https:\/\/mado-conserven.nl\/wp-content\/uploads\/2015\/11\/Mado2_011-1024x660.jpg 1024w, https:\/\/mado-conserven.nl\/wp-content\/uploads\/2015\/11\/Mado2_011.jpg 2048w\" sizes=\"auto, (max-width: 300px) 100vw, 300px\" \/><\/a><\/p>\n<p dir=\"ltr\" data-placeholder=\"Translation\">Le 1er ao\u00fbt 1966, Raymond (Mon) Mattheeussens devient directeur apr\u00e8s la mort de son p\u00e8re, Cornelius Mattheeussens. Peu de temps apr\u00e8s la transaction de fusion et acquisition avec la soci\u00e9t\u00e9 de Wim den Ouden \u00e0 Hendrik Ido Craft, l&rsquo;une des conserveries, sp\u00e9cialis\u00e9e dans les conserves au vinaigre, avec qui nous travaillons depuis longtemps afin de satisfaire la demande pour les produits vinaigr\u00e9s. En ao\u00fbt 1968, les machines d\u00e9m\u00e9nagent \u00e0 Ossendrecht et la famille Den Ouden s&rsquo;y installe. Durant cette m\u00eame ann\u00e9e, M. A. den Ouden devient co-directeur et le nom de la soci\u00e9t\u00e9 change pour Mattheeussens-Wido N.V.\u00a0 Durant les ann\u00e9es suivantes, beaucoup d&rsquo;investissements sont r\u00e9alis\u00e9s dans les machines et l&rsquo;infrastructure, ce qui signifie que la quantit\u00e9 main-d&rsquo;\u0153uvre est rapidement r\u00e9duite.<\/p>\n<p dir=\"ltr\" data-placeholder=\"Translation\">En 1991, la (vieille) fa\u00e7ade de l&rsquo;usine est d\u00e9molie, o\u00f9 la chaudi\u00e8re \u00e0 vapeur est imm\u00e9diatement remplac\u00e9e et l&rsquo;usine se tourne vers l&rsquo;\u00e9n\u00e9rgie au gaz naturel, beaucoup plus \u00e9cologique.<\/p>\n<p dir=\"ltr\" data-placeholder=\"Translation\"><a href=\"https:\/\/mado-conserven.nl\/wp-content\/uploads\/2015\/11\/Mado2_018.jpg\"><img loading=\"lazy\" decoding=\"async\" class=\"alignleft wp-image-328\" src=\"https:\/\/mado-conserven.nl\/wp-content\/uploads\/2015\/11\/Mado2_018-237x300.jpg\" alt=\"Peekoffie, mosterd, tafelzuur Mattheeussens-Wido\" width=\"225\" height=\"285\" srcset=\"https:\/\/mado-conserven.nl\/wp-content\/uploads\/2015\/11\/Mado2_018-237x300.jpg 237w, https:\/\/mado-conserven.nl\/wp-content\/uploads\/2015\/11\/Mado2_018-809x1024.jpg 809w, https:\/\/mado-conserven.nl\/wp-content\/uploads\/2015\/11\/Mado2_018.jpg 1618w\" sizes=\"auto, (max-width: 225px) 100vw, 225px\" \/><\/a><a href=\"https:\/\/mado-conserven.nl\/wp-content\/uploads\/2015\/11\/Mado2_027.jpg\"><img loading=\"lazy\" decoding=\"async\" class=\"wp-image-330 size-medium alignright\" src=\"https:\/\/mado-conserven.nl\/wp-content\/uploads\/2015\/11\/Mado2_027-300x300.jpg\" alt=\"Peekoffie\" width=\"300\" height=\"300\" srcset=\"https:\/\/mado-conserven.nl\/wp-content\/uploads\/2015\/11\/Mado2_027-300x300.jpg 300w, https:\/\/mado-conserven.nl\/wp-content\/uploads\/2015\/11\/Mado2_027-150x150.jpg 150w, https:\/\/mado-conserven.nl\/wp-content\/uploads\/2015\/11\/Mado2_027-1024x1024.jpg 1024w, https:\/\/mado-conserven.nl\/wp-content\/uploads\/2015\/11\/Mado2_027.jpg 2048w\" sizes=\"auto, (max-width: 300px) 100vw, 300px\" \/><\/a><\/p>\n<p><img loading=\"lazy\" decoding=\"async\" class=\"alignleft wp-image-329\" src=\"https:\/\/mado-conserven.nl\/wp-content\/uploads\/2015\/11\/Mado2_022-183x300.jpg\" alt=\"Peekoffie\" width=\"174\" height=\"285\" srcset=\"https:\/\/mado-conserven.nl\/wp-content\/uploads\/2015\/11\/Mado2_022-183x300.jpg 183w, https:\/\/mado-conserven.nl\/wp-content\/uploads\/2015\/11\/Mado2_022-625x1024.jpg 625w, https:\/\/mado-conserven.nl\/wp-content\/uploads\/2015\/11\/Mado2_022.jpg 1250w\" sizes=\"auto, (max-width: 174px) 100vw, 174px\" \/><\/p>\n<p dir=\"ltr\" data-placeholder=\"Translation\"><a href=\"https:\/\/mado-conserven.nl\/wp-content\/uploads\/2016\/05\/Mado2_029-klein.jpg\"><img loading=\"lazy\" decoding=\"async\" class=\"alignright wp-image-349 size-medium\" src=\"https:\/\/mado-conserven.nl\/wp-content\/uploads\/2016\/05\/Mado2_029-klein-243x300.jpg\" alt=\"Peekoffie\" width=\"243\" height=\"300\" srcset=\"https:\/\/mado-conserven.nl\/wp-content\/uploads\/2016\/05\/Mado2_029-klein-243x300.jpg 243w, https:\/\/mado-conserven.nl\/wp-content\/uploads\/2016\/05\/Mado2_029-klein.jpg 300w\" sizes=\"auto, (max-width: 243px) 100vw, 243px\" \/><\/a><\/p>\n<p dir=\"ltr\" data-placeholder=\"Translation\">Le 28 juillet 2006, Cees Mattheeussens, fils de Mon, devient co-directeur, \u00e0 la suite de quoi les quatri\u00e8me et cinqui\u00e8me g\u00e9n\u00e9rations appliquent conjointement la trajectoire de l&rsquo;entreprise. Mattheeussens-Wido B.V. est l&rsquo;un des rares producteurs aux Pays-Bas et en Belgique, sp\u00e9cialis\u00e9 dans les produits vinaigr\u00e9s dans des emballages de consommation. La consommation de produits vinaigr\u00e9s n&rsquo;a pas augment\u00e9 au cours des derni\u00e8res ann\u00e9es et diminue m\u00eame lentement. Gr\u00e2ce \u00e0 de nombreux et importants investissements au cours des ann\u00e9es, il y a maintenant une usine extr\u00eamement moderne qui est pr\u00eate pour les ann\u00e9es \u00e0 venir. Une client\u00e8le impressionnante a \u00e9t\u00e9 constitu\u00e9e avec les plus grand nom de la distribution europ\u00e9enne et mondiale. Nous sommes fiers de la riche histoire de notre entreprise et de ce que nous avons accompli. Nous avons r\u00e9sist\u00e9 \u00e0 l&rsquo;\u00e9preuve du temps et pouvons dire \u00e0 juste titre que nous sommes une entreprise familiale typiquement n\u00e9erlandaise.<\/p>\n<p><\/p>","protected":false},"excerpt":{"rendered":"<p>Le fondateur de Mattheeussens-Wido BV, Cornelis Mattheeussens est n\u00e9 \u00e0 Ossendrecht le 31 D\u00e9cembre 1823. Cornelis a commenc\u00e9 au c\u00f4t\u00e9 de son p\u00e8re par l&rsquo;achat, le s\u00e9chage et le commerce de la chicor\u00e9e verte. En 1853, il a construit un nouveau s\u00e9choir sur les terrains de son p\u00e8re. Au cours de cette p\u00e9riode, une connexion &hellip; <a href=\"https:\/\/mado-conserven.nl\/fr\/over-mattheeussens-wido-bv\/historie\/\" class=\"more-link\">Continuer la lecture de <span class=\"screen-reader-text\">Histoire de Mattheeussens-Wido B.V.<\/span> <span class=\"meta-nav\">&rarr;<\/span><\/a><\/p>\n","protected":false},"author":1,"featured_media":0,"parent":4,"menu_order":0,"comment_status":"closed","ping_status":"closed","template":"","meta":{"footnotes":""},"class_list":["post-6","page","type-page","status-publish","hentry"],"yoast_head":"<!-- This site is optimized with the Yoast SEO plugin v27.3 - https:\/\/yoast.com\/product\/yoast-seo-wordpress\/ -->\n<title>Histoire de Mattheeussens-Wido B.V. - Mattheeussens-Wido B.V.<\/title>\n<meta name=\"description\" content=\"De historie van het bedrijf gaat terug tot ca. 1850, Cornelis Mattheeussens begon met aankoop, drogen en verhandelen van groene cichorei (peekoffie).\" \/>\n<meta name=\"robots\" content=\"index, follow, max-snippet:-1, max-image-preview:large, max-video-preview:-1\" \/>\n<link rel=\"canonical\" href=\"https:\/\/mado-conserven.nl\/en\/over-mattheeussens-wido-bv\/historie\/\" \/>\n<meta property=\"og:locale\" content=\"fr_FR\" \/>\n<meta property=\"og:type\" content=\"article\" \/>\n<meta property=\"og:title\" content=\"Histoire de Mattheeussens-Wido B.V. - Mattheeussens-Wido B.V.\" \/>\n<meta property=\"og:description\" content=\"De historie van het bedrijf gaat terug tot ca. 1850, Cornelis Mattheeussens begon met aankoop, drogen en verhandelen van groene cichorei (peekoffie).\" \/>\n<meta property=\"og:url\" content=\"https:\/\/mado-conserven.nl\/en\/over-mattheeussens-wido-bv\/historie\/\" \/>\n<meta property=\"og:site_name\" content=\"Mattheeussens-Wido B.V.\" \/>\n<meta property=\"article:modified_time\" content=\"2018-06-18T11:51:04+00:00\" \/>\n<meta property=\"og:image\" content=\"https:\/\/mado-conserven.nl\/wp-content\/uploads\/2015\/11\/Mado2_001.jpg\" \/>\n\t<meta property=\"og:image:width\" content=\"1406\" \/>\n\t<meta property=\"og:image:height\" content=\"2048\" \/>\n\t<meta property=\"og:image:type\" content=\"image\/jpeg\" \/>\n<meta name=\"twitter:card\" content=\"summary_large_image\" \/>\n<meta name=\"twitter:label1\" content=\"Dur\u00e9e de lecture estim\u00e9e\" \/>\n\t<meta name=\"twitter:data1\" content=\"16 minutes\" \/>\n<script type=\"application\/ld+json\" class=\"yoast-schema-graph\">{\"@context\":\"https:\\\/\\\/schema.org\",\"@graph\":[{\"@type\":\"WebPage\",\"@id\":\"https:\\\/\\\/mado-conserven.nl\\\/en\\\/over-mattheeussens-wido-bv\\\/historie\\\/\",\"url\":\"https:\\\/\\\/mado-conserven.nl\\\/en\\\/over-mattheeussens-wido-bv\\\/historie\\\/\",\"name\":\"Histoire de Mattheeussens-Wido B.V. - Mattheeussens-Wido B.V.\",\"isPartOf\":{\"@id\":\"https:\\\/\\\/mado-conserven.nl\\\/#website\"},\"primaryImageOfPage\":{\"@id\":\"https:\\\/\\\/mado-conserven.nl\\\/en\\\/over-mattheeussens-wido-bv\\\/historie\\\/#primaryimage\"},\"image\":{\"@id\":\"https:\\\/\\\/mado-conserven.nl\\\/en\\\/over-mattheeussens-wido-bv\\\/historie\\\/#primaryimage\"},\"thumbnailUrl\":\"https:\\\/\\\/mado-conserven.nl\\\/wp-content\\\/uploads\\\/2015\\\/11\\\/Mado2_001-206x300.jpg\",\"datePublished\":\"2015-11-10T13:30:09+00:00\",\"dateModified\":\"2018-06-18T11:51:04+00:00\",\"description\":\"De historie van het bedrijf gaat terug tot ca. 1850, Cornelis Mattheeussens begon met aankoop, drogen en verhandelen van groene cichorei (peekoffie).\",\"breadcrumb\":{\"@id\":\"https:\\\/\\\/mado-conserven.nl\\\/en\\\/over-mattheeussens-wido-bv\\\/historie\\\/#breadcrumb\"},\"inLanguage\":\"fr-FR\",\"potentialAction\":[{\"@type\":\"ReadAction\",\"target\":[\"https:\\\/\\\/mado-conserven.nl\\\/en\\\/over-mattheeussens-wido-bv\\\/historie\\\/\"]}]},{\"@type\":\"ImageObject\",\"inLanguage\":\"fr-FR\",\"@id\":\"https:\\\/\\\/mado-conserven.nl\\\/en\\\/over-mattheeussens-wido-bv\\\/historie\\\/#primaryimage\",\"url\":\"https:\\\/\\\/mado-conserven.nl\\\/wp-content\\\/uploads\\\/2015\\\/11\\\/Mado2_001-206x300.jpg\",\"contentUrl\":\"https:\\\/\\\/mado-conserven.nl\\\/wp-content\\\/uploads\\\/2015\\\/11\\\/Mado2_001-206x300.jpg\"},{\"@type\":\"BreadcrumbList\",\"@id\":\"https:\\\/\\\/mado-conserven.nl\\\/en\\\/over-mattheeussens-wido-bv\\\/historie\\\/#breadcrumb\",\"itemListElement\":[{\"@type\":\"ListItem\",\"position\":1,\"name\":\"Home\",\"item\":\"https:\\\/\\\/mado-conserven.nl\\\/\"},{\"@type\":\"ListItem\",\"position\":2,\"name\":\"Over Mattheeussens-Wido B.V.\",\"item\":\"https:\\\/\\\/mado-conserven.nl\\\/over-mattheeussens-wido-bv\\\/\"},{\"@type\":\"ListItem\",\"position\":3,\"name\":\"History of Mattheeussens-Wido B.V.\"}]},{\"@type\":\"WebSite\",\"@id\":\"https:\\\/\\\/mado-conserven.nl\\\/#website\",\"url\":\"https:\\\/\\\/mado-conserven.nl\\\/\",\"name\":\"Mattheeussens-Wido B.V.\",\"description\":\"Traditionele tafelzuur kwaliteitsproducten\",\"publisher\":{\"@id\":\"https:\\\/\\\/mado-conserven.nl\\\/#organization\"},\"potentialAction\":[{\"@type\":\"SearchAction\",\"target\":{\"@type\":\"EntryPoint\",\"urlTemplate\":\"https:\\\/\\\/mado-conserven.nl\\\/?s={search_term_string}\"},\"query-input\":{\"@type\":\"PropertyValueSpecification\",\"valueRequired\":true,\"valueName\":\"search_term_string\"}}],\"inLanguage\":\"fr-FR\"},{\"@type\":\"Organization\",\"@id\":\"https:\\\/\\\/mado-conserven.nl\\\/#organization\",\"name\":\"Mado conserven\",\"url\":\"https:\\\/\\\/mado-conserven.nl\\\/\",\"logo\":{\"@type\":\"ImageObject\",\"inLanguage\":\"fr-FR\",\"@id\":\"https:\\\/\\\/mado-conserven.nl\\\/#\\\/schema\\\/logo\\\/image\\\/\",\"url\":\"https:\\\/\\\/mado-conserven.nl\\\/wp-content\\\/uploads\\\/2016\\\/02\\\/logo.png\",\"contentUrl\":\"https:\\\/\\\/mado-conserven.nl\\\/wp-content\\\/uploads\\\/2016\\\/02\\\/logo.png\",\"width\":424,\"height\":176,\"caption\":\"Mado conserven\"},\"image\":{\"@id\":\"https:\\\/\\\/mado-conserven.nl\\\/#\\\/schema\\\/logo\\\/image\\\/\"}}]}<\/script>\n<!-- \/ Yoast SEO plugin. -->","yoast_head_json":{"title":"Histoire de Mattheeussens-Wido B.V. - Mattheeussens-Wido B.V.","description":"De historie van het bedrijf gaat terug tot ca. 1850, Cornelis Mattheeussens begon met aankoop, drogen en verhandelen van groene cichorei (peekoffie).","robots":{"index":"index","follow":"follow","max-snippet":"max-snippet:-1","max-image-preview":"max-image-preview:large","max-video-preview":"max-video-preview:-1"},"canonical":"https:\/\/mado-conserven.nl\/en\/over-mattheeussens-wido-bv\/historie\/","og_locale":"fr_FR","og_type":"article","og_title":"Histoire de Mattheeussens-Wido B.V. - Mattheeussens-Wido B.V.","og_description":"De historie van het bedrijf gaat terug tot ca. 1850, Cornelis Mattheeussens begon met aankoop, drogen en verhandelen van groene cichorei (peekoffie).","og_url":"https:\/\/mado-conserven.nl\/en\/over-mattheeussens-wido-bv\/historie\/","og_site_name":"Mattheeussens-Wido B.V.","article_modified_time":"2018-06-18T11:51:04+00:00","og_image":[{"width":1406,"height":2048,"url":"https:\/\/mado-conserven.nl\/wp-content\/uploads\/2015\/11\/Mado2_001.jpg","type":"image\/jpeg"}],"twitter_card":"summary_large_image","twitter_misc":{"Dur\u00e9e de lecture estim\u00e9e":"16 minutes"},"schema":{"@context":"https:\/\/schema.org","@graph":[{"@type":"WebPage","@id":"https:\/\/mado-conserven.nl\/en\/over-mattheeussens-wido-bv\/historie\/","url":"https:\/\/mado-conserven.nl\/en\/over-mattheeussens-wido-bv\/historie\/","name":"Histoire de Mattheeussens-Wido B.V. - Mattheeussens-Wido B.V.","isPartOf":{"@id":"https:\/\/mado-conserven.nl\/#website"},"primaryImageOfPage":{"@id":"https:\/\/mado-conserven.nl\/en\/over-mattheeussens-wido-bv\/historie\/#primaryimage"},"image":{"@id":"https:\/\/mado-conserven.nl\/en\/over-mattheeussens-wido-bv\/historie\/#primaryimage"},"thumbnailUrl":"https:\/\/mado-conserven.nl\/wp-content\/uploads\/2015\/11\/Mado2_001-206x300.jpg","datePublished":"2015-11-10T13:30:09+00:00","dateModified":"2018-06-18T11:51:04+00:00","description":"De historie van het bedrijf gaat terug tot ca. 1850, Cornelis Mattheeussens begon met aankoop, drogen en verhandelen van groene cichorei (peekoffie).","breadcrumb":{"@id":"https:\/\/mado-conserven.nl\/en\/over-mattheeussens-wido-bv\/historie\/#breadcrumb"},"inLanguage":"fr-FR","potentialAction":[{"@type":"ReadAction","target":["https:\/\/mado-conserven.nl\/en\/over-mattheeussens-wido-bv\/historie\/"]}]},{"@type":"ImageObject","inLanguage":"fr-FR","@id":"https:\/\/mado-conserven.nl\/en\/over-mattheeussens-wido-bv\/historie\/#primaryimage","url":"https:\/\/mado-conserven.nl\/wp-content\/uploads\/2015\/11\/Mado2_001-206x300.jpg","contentUrl":"https:\/\/mado-conserven.nl\/wp-content\/uploads\/2015\/11\/Mado2_001-206x300.jpg"},{"@type":"BreadcrumbList","@id":"https:\/\/mado-conserven.nl\/en\/over-mattheeussens-wido-bv\/historie\/#breadcrumb","itemListElement":[{"@type":"ListItem","position":1,"name":"Home","item":"https:\/\/mado-conserven.nl\/"},{"@type":"ListItem","position":2,"name":"Over Mattheeussens-Wido B.V.","item":"https:\/\/mado-conserven.nl\/over-mattheeussens-wido-bv\/"},{"@type":"ListItem","position":3,"name":"History of Mattheeussens-Wido B.V."}]},{"@type":"WebSite","@id":"https:\/\/mado-conserven.nl\/#website","url":"https:\/\/mado-conserven.nl\/","name":"Mattheeussens-Wido B.V.","description":"Traditionele tafelzuur kwaliteitsproducten","publisher":{"@id":"https:\/\/mado-conserven.nl\/#organization"},"potentialAction":[{"@type":"SearchAction","target":{"@type":"EntryPoint","urlTemplate":"https:\/\/mado-conserven.nl\/?s={search_term_string}"},"query-input":{"@type":"PropertyValueSpecification","valueRequired":true,"valueName":"search_term_string"}}],"inLanguage":"fr-FR"},{"@type":"Organization","@id":"https:\/\/mado-conserven.nl\/#organization","name":"Mado conserven","url":"https:\/\/mado-conserven.nl\/","logo":{"@type":"ImageObject","inLanguage":"fr-FR","@id":"https:\/\/mado-conserven.nl\/#\/schema\/logo\/image\/","url":"https:\/\/mado-conserven.nl\/wp-content\/uploads\/2016\/02\/logo.png","contentUrl":"https:\/\/mado-conserven.nl\/wp-content\/uploads\/2016\/02\/logo.png","width":424,"height":176,"caption":"Mado conserven"},"image":{"@id":"https:\/\/mado-conserven.nl\/#\/schema\/logo\/image\/"}}]}},"_links":{"self":[{"href":"https:\/\/mado-conserven.nl\/fr\/wp-json\/wp\/v2\/pages\/6","targetHints":{"allow":["GET"]}}],"collection":[{"href":"https:\/\/mado-conserven.nl\/fr\/wp-json\/wp\/v2\/pages"}],"about":[{"href":"https:\/\/mado-conserven.nl\/fr\/wp-json\/wp\/v2\/types\/page"}],"author":[{"embeddable":true,"href":"https:\/\/mado-conserven.nl\/fr\/wp-json\/wp\/v2\/users\/1"}],"replies":[{"embeddable":true,"href":"https:\/\/mado-conserven.nl\/fr\/wp-json\/wp\/v2\/comments?post=6"}],"version-history":[{"count":41,"href":"https:\/\/mado-conserven.nl\/fr\/wp-json\/wp\/v2\/pages\/6\/revisions"}],"predecessor-version":[{"id":494,"href":"https:\/\/mado-conserven.nl\/fr\/wp-json\/wp\/v2\/pages\/6\/revisions\/494"}],"up":[{"embeddable":true,"href":"https:\/\/mado-conserven.nl\/fr\/wp-json\/wp\/v2\/pages\/4"}],"wp:attachment":[{"href":"https:\/\/mado-conserven.nl\/fr\/wp-json\/wp\/v2\/media?parent=6"}],"curies":[{"name":"wp","href":"https:\/\/api.w.org\/{rel}","templated":true}]}}