{"id":8,"date":"2015-11-10T14:30:25","date_gmt":"2015-11-10T13:30:25","guid":{"rendered":"http:\/\/mado-conserven.nl\/DEVELOPMENTMADO\/?page_id=8"},"modified":"2026-03-09T13:22:30","modified_gmt":"2026-03-09T12:22:30","slug":"certificaten","status":"publish","type":"page","link":"https:\/\/mado-conserven.nl\/fr\/productieproces\/certificaten\/","title":{"rendered":"Certificats"},"content":{"rendered":"<p><\/p>\n<p id=\"tw-target-text\" class=\"tw-data-text tw-ta tw-text-small\" dir=\"ltr\" data-placeholder=\"Translation\"><span lang=\"fr\">Les certificats sont partout de nos jours et cela s&rsquo;applique certainement \u00e0 l&rsquo;industrie alimentaire. Tous nos fournisseurs sont donc certifi\u00e9s par un \u00e9valuateur ind\u00e9pendant. Cela indique que tous les fournisseurs se conforment aux exigences internationales de s\u00e9curit\u00e9 (alimentaire), d&rsquo;hygi\u00e8ne, de documentation, etc.<\/span><\/p>\n<ul>\n<li>IFS Food<\/li>\n<li>BRCGS food<\/li>\n<\/ul>\n<p><a href=\"https:\/\/mado-conserven.nl\/wp-content\/uploads\/2025\/02\/IFS-food-certificaat.pdf\">Mattheeussens-Wido IFS food<\/a><\/p>\n<p><a href=\"https:\/\/mado-conserven.nl\/wp-content\/uploads\/2026\/03\/BRCGS-food-certificaat.pdf\" target=\"_blank\" rel=\"noopener noreferrer\">Mattheeussens-Wido BRCGS Food<\/a><\/p>\n<p class=\"tw-data-text tw-ta tw-text-small\" dir=\"ltr\" data-placeholder=\"Translation\"><span lang=\"fr\">De nos jours, de nombreuses normes vont \u00e9galement au-del\u00e0 des contr\u00f4les r\u00e9guliers dans l&rsquo;industrie de l&rsquo;alimentaire. Cela vaut en particulier pour les entreprises des pays \u00e0 haut risque, pour lesquelles la certification de conformit\u00e9 sociale (non obligatoire) est de plus en plus demand\u00e9e. Mado coop\u00e8re avec un certain nombre de ces <\/span><span lang=\"fr\">soci\u00e9t\u00e9s, bas\u00e9es en Inde et au Sri Lanka, et ces soci\u00e9t\u00e9s sont conforment \u00e0 ces normes.<\/span><\/p>\n<table>\n<tbody>\n<tr>\n<td><a href=\"https:\/\/mado-conserven.nl\/wp-content\/uploads\/2020\/10\/BRCGS_CERT_FOOD_LOGO_RGB.jpg\"><img loading=\"lazy\" decoding=\"async\" class=\"wp-image-576 aligncenter\" src=\"https:\/\/mado-conserven.nl\/wp-content\/uploads\/2020\/10\/BRCGS_CERT_FOOD_LOGO_RGB-300x226.jpg\" alt=\"\" width=\"195\" height=\"147\" srcset=\"https:\/\/mado-conserven.nl\/wp-content\/uploads\/2020\/10\/BRCGS_CERT_FOOD_LOGO_RGB-300x226.jpg 300w, https:\/\/mado-conserven.nl\/wp-content\/uploads\/2020\/10\/BRCGS_CERT_FOOD_LOGO_RGB.jpg 690w\" sizes=\"auto, (max-width: 195px) 100vw, 195px\" \/><\/a><\/td>\n<td><a href=\"https:\/\/mado-conserven.nl\/wp-content\/uploads\/2016\/01\/IFS-food.jpg\"><img loading=\"lazy\" decoding=\"async\" class=\"size-full wp-image-197 aligncenter\" src=\"https:\/\/mado-conserven.nl\/wp-content\/uploads\/2016\/01\/IFS-food.jpg\" alt=\"IFS-food\" width=\"192\" height=\"128\" \/><\/a><\/td>\n<td><\/td>\n<\/tr>\n<\/tbody>\n<\/table>\n<h1 class=\"tw-data-text tw-ta tw-text-small\" dir=\"ltr\" data-placeholder=\"Translation\"><span lang=\"fr\">SEDEX <\/span><\/h1>\n<p class=\"tw-data-text tw-ta tw-text-small\" dir=\"ltr\" data-placeholder=\"Translation\"><span lang=\"fr\">Pour nos clients hollandais, nous avons rejoint le SEDEX (Supplier Ethical Data Exchange), et nous avons \u00e9galement fait l&rsquo;objet d&rsquo;un audit \u00e9thique des membres de Sedex (SMETA). Sedex est un outil global de collecte et de partage de donn\u00e9es en termes de conditions et de conditions d&#8217;emploi. Et pour voir s&rsquo;ils r\u00e9pondent aux normes internationales. Sedex nous donne l&rsquo;opportunit\u00e9 de montrer \u00e0 nos clients internationaux que nous sommes responsables vis-\u00e0-vis des personnes qui travaillent pour nous. Ceci s&rsquo;applique \u00e0 la fois au personnel fix, au vrac et au personnel de r\u00e9colte (temporaire). Pour plus d&rsquo;informations, voir http:\/\/www.sedex.org.uk\/<\/span><\/p>\n<h2>T\u00e9l\u00e9chargez les certificats Mattheeussens-WIDO B.V.<\/h2>\n<p><a href=\"https:\/\/mado-conserven.nl\/wp-content\/uploads\/2024\/02\/IFS-food-certificaat.pdf\">Mattheeussens-Wido IFS food<\/a><\/p>\n<p><a href=\"https:\/\/mado-conserven.nl\/wp-content\/uploads\/2024\/02\/BRCGS-food-certificaat.pdf\" target=\"_blank\" rel=\"noopener noreferrer\">Mattheeussens-Wido BRCGS Food<\/a><\/p>","protected":false},"excerpt":{"rendered":"<p>Les certificats sont partout de nos jours et cela s&rsquo;applique certainement \u00e0 l&rsquo;industrie alimentaire. Tous nos fournisseurs sont donc certifi\u00e9s par un \u00e9valuateur ind\u00e9pendant. Cela indique que tous les fournisseurs se conforment aux exigences internationales de s\u00e9curit\u00e9 (alimentaire), d&rsquo;hygi\u00e8ne, de documentation, etc. IFS Food BRCGS food Mattheeussens-Wido IFS food Mattheeussens-Wido BRCGS Food De nos jours, &hellip; <a href=\"https:\/\/mado-conserven.nl\/fr\/productieproces\/certificaten\/\" class=\"more-link\">Continuer la lecture de <span class=\"screen-reader-text\">Certificats<\/span> <span class=\"meta-nav\">&rarr;<\/span><\/a><\/p>\n","protected":false},"author":1,"featured_media":0,"parent":16,"menu_order":0,"comment_status":"closed","ping_status":"closed","template":"","meta":{"footnotes":""},"class_list":["post-8","page","type-page","status-publish","hentry"],"yoast_head":"<!-- This site is optimized with the Yoast SEO plugin v27.3 - https:\/\/yoast.com\/product\/yoast-seo-wordpress\/ -->\n<title>Certificats - Mattheeussens-Wido B.V.<\/title>\n<meta name=\"description\" content=\"Certificaten zijn tegenwoordig overal aanwezig. Al onze leveranciers (en co-packers) zijn dan ook gecertificeerd door een onafhankelijke beoordelaar.\" \/>\n<meta name=\"robots\" content=\"index, follow, max-snippet:-1, max-image-preview:large, max-video-preview:-1\" \/>\n<link rel=\"canonical\" href=\"https:\/\/mado-conserven.nl\/productieproces\/certificaten\/\" \/>\n<meta property=\"og:locale\" content=\"fr_FR\" \/>\n<meta property=\"og:type\" content=\"article\" \/>\n<meta property=\"og:title\" content=\"Certificats - Mattheeussens-Wido B.V.\" \/>\n<meta property=\"og:description\" content=\"Certificaten zijn tegenwoordig overal aanwezig. Al onze leveranciers (en co-packers) zijn dan ook gecertificeerd door een onafhankelijke beoordelaar.\" \/>\n<meta property=\"og:url\" content=\"https:\/\/mado-conserven.nl\/productieproces\/certificaten\/\" \/>\n<meta property=\"og:site_name\" content=\"Mattheeussens-Wido B.V.\" \/>\n<meta property=\"article:modified_time\" content=\"2026-03-09T12:22:30+00:00\" \/>\n<meta property=\"og:image\" content=\"https:\/\/mado-conserven.nl\/wp-content\/uploads\/2020\/10\/BRCGS_CERT_FOOD_LOGO_RGB-300x226.jpg\" \/>\n<meta name=\"twitter:card\" content=\"summary_large_image\" \/>\n<meta name=\"twitter:label1\" content=\"Dur\u00e9e de lecture estim\u00e9e\" \/>\n\t<meta name=\"twitter:data1\" content=\"2 minutes\" \/>\n<script type=\"application\/ld+json\" class=\"yoast-schema-graph\">{\"@context\":\"https:\\\/\\\/schema.org\",\"@graph\":[{\"@type\":\"WebPage\",\"@id\":\"https:\\\/\\\/mado-conserven.nl\\\/productieproces\\\/certificaten\\\/\",\"url\":\"https:\\\/\\\/mado-conserven.nl\\\/productieproces\\\/certificaten\\\/\",\"name\":\"Certificats - Mattheeussens-Wido B.V.\",\"isPartOf\":{\"@id\":\"https:\\\/\\\/mado-conserven.nl\\\/#website\"},\"primaryImageOfPage\":{\"@id\":\"https:\\\/\\\/mado-conserven.nl\\\/productieproces\\\/certificaten\\\/#primaryimage\"},\"image\":{\"@id\":\"https:\\\/\\\/mado-conserven.nl\\\/productieproces\\\/certificaten\\\/#primaryimage\"},\"thumbnailUrl\":\"https:\\\/\\\/mado-conserven.nl\\\/wp-content\\\/uploads\\\/2020\\\/10\\\/BRCGS_CERT_FOOD_LOGO_RGB-300x226.jpg\",\"datePublished\":\"2015-11-10T13:30:25+00:00\",\"dateModified\":\"2026-03-09T12:22:30+00:00\",\"description\":\"Certificaten zijn tegenwoordig overal aanwezig. Al onze leveranciers (en co-packers) zijn dan ook gecertificeerd door een onafhankelijke beoordelaar.\",\"breadcrumb\":{\"@id\":\"https:\\\/\\\/mado-conserven.nl\\\/productieproces\\\/certificaten\\\/#breadcrumb\"},\"inLanguage\":\"fr-FR\",\"potentialAction\":[{\"@type\":\"ReadAction\",\"target\":[\"https:\\\/\\\/mado-conserven.nl\\\/productieproces\\\/certificaten\\\/\"]}]},{\"@type\":\"ImageObject\",\"inLanguage\":\"fr-FR\",\"@id\":\"https:\\\/\\\/mado-conserven.nl\\\/productieproces\\\/certificaten\\\/#primaryimage\",\"url\":\"https:\\\/\\\/mado-conserven.nl\\\/wp-content\\\/uploads\\\/2020\\\/10\\\/BRCGS_CERT_FOOD_LOGO_RGB-300x226.jpg\",\"contentUrl\":\"https:\\\/\\\/mado-conserven.nl\\\/wp-content\\\/uploads\\\/2020\\\/10\\\/BRCGS_CERT_FOOD_LOGO_RGB-300x226.jpg\"},{\"@type\":\"BreadcrumbList\",\"@id\":\"https:\\\/\\\/mado-conserven.nl\\\/productieproces\\\/certificaten\\\/#breadcrumb\",\"itemListElement\":[{\"@type\":\"ListItem\",\"position\":1,\"name\":\"Home\",\"item\":\"https:\\\/\\\/mado-conserven.nl\\\/\"},{\"@type\":\"ListItem\",\"position\":2,\"name\":\"Productieproces\",\"item\":\"https:\\\/\\\/mado-conserven.nl\\\/productieproces\\\/\"},{\"@type\":\"ListItem\",\"position\":3,\"name\":\"Certificaten\"}]},{\"@type\":\"WebSite\",\"@id\":\"https:\\\/\\\/mado-conserven.nl\\\/#website\",\"url\":\"https:\\\/\\\/mado-conserven.nl\\\/\",\"name\":\"Mattheeussens-Wido B.V.\",\"description\":\"Traditionele tafelzuur kwaliteitsproducten\",\"publisher\":{\"@id\":\"https:\\\/\\\/mado-conserven.nl\\\/#organization\"},\"potentialAction\":[{\"@type\":\"SearchAction\",\"target\":{\"@type\":\"EntryPoint\",\"urlTemplate\":\"https:\\\/\\\/mado-conserven.nl\\\/?s={search_term_string}\"},\"query-input\":{\"@type\":\"PropertyValueSpecification\",\"valueRequired\":true,\"valueName\":\"search_term_string\"}}],\"inLanguage\":\"fr-FR\"},{\"@type\":\"Organization\",\"@id\":\"https:\\\/\\\/mado-conserven.nl\\\/#organization\",\"name\":\"Mado conserven\",\"url\":\"https:\\\/\\\/mado-conserven.nl\\\/\",\"logo\":{\"@type\":\"ImageObject\",\"inLanguage\":\"fr-FR\",\"@id\":\"https:\\\/\\\/mado-conserven.nl\\\/#\\\/schema\\\/logo\\\/image\\\/\",\"url\":\"https:\\\/\\\/mado-conserven.nl\\\/wp-content\\\/uploads\\\/2016\\\/02\\\/logo.png\",\"contentUrl\":\"https:\\\/\\\/mado-conserven.nl\\\/wp-content\\\/uploads\\\/2016\\\/02\\\/logo.png\",\"width\":424,\"height\":176,\"caption\":\"Mado conserven\"},\"image\":{\"@id\":\"https:\\\/\\\/mado-conserven.nl\\\/#\\\/schema\\\/logo\\\/image\\\/\"}}]}<\/script>\n<!-- \/ Yoast SEO plugin. -->","yoast_head_json":{"title":"Certificats - Mattheeussens-Wido B.V.","description":"Certificaten zijn tegenwoordig overal aanwezig. Al onze leveranciers (en co-packers) zijn dan ook gecertificeerd door een onafhankelijke beoordelaar.","robots":{"index":"index","follow":"follow","max-snippet":"max-snippet:-1","max-image-preview":"max-image-preview:large","max-video-preview":"max-video-preview:-1"},"canonical":"https:\/\/mado-conserven.nl\/productieproces\/certificaten\/","og_locale":"fr_FR","og_type":"article","og_title":"Certificats - Mattheeussens-Wido B.V.","og_description":"Certificaten zijn tegenwoordig overal aanwezig. Al onze leveranciers (en co-packers) zijn dan ook gecertificeerd door een onafhankelijke beoordelaar.","og_url":"https:\/\/mado-conserven.nl\/productieproces\/certificaten\/","og_site_name":"Mattheeussens-Wido B.V.","article_modified_time":"2026-03-09T12:22:30+00:00","og_image":[{"url":"https:\/\/mado-conserven.nl\/wp-content\/uploads\/2020\/10\/BRCGS_CERT_FOOD_LOGO_RGB-300x226.jpg","type":"","width":"","height":""}],"twitter_card":"summary_large_image","twitter_misc":{"Dur\u00e9e de lecture estim\u00e9e":"2 minutes"},"schema":{"@context":"https:\/\/schema.org","@graph":[{"@type":"WebPage","@id":"https:\/\/mado-conserven.nl\/productieproces\/certificaten\/","url":"https:\/\/mado-conserven.nl\/productieproces\/certificaten\/","name":"Certificats - Mattheeussens-Wido B.V.","isPartOf":{"@id":"https:\/\/mado-conserven.nl\/#website"},"primaryImageOfPage":{"@id":"https:\/\/mado-conserven.nl\/productieproces\/certificaten\/#primaryimage"},"image":{"@id":"https:\/\/mado-conserven.nl\/productieproces\/certificaten\/#primaryimage"},"thumbnailUrl":"https:\/\/mado-conserven.nl\/wp-content\/uploads\/2020\/10\/BRCGS_CERT_FOOD_LOGO_RGB-300x226.jpg","datePublished":"2015-11-10T13:30:25+00:00","dateModified":"2026-03-09T12:22:30+00:00","description":"Certificaten zijn tegenwoordig overal aanwezig. Al onze leveranciers (en co-packers) zijn dan ook gecertificeerd door een onafhankelijke beoordelaar.","breadcrumb":{"@id":"https:\/\/mado-conserven.nl\/productieproces\/certificaten\/#breadcrumb"},"inLanguage":"fr-FR","potentialAction":[{"@type":"ReadAction","target":["https:\/\/mado-conserven.nl\/productieproces\/certificaten\/"]}]},{"@type":"ImageObject","inLanguage":"fr-FR","@id":"https:\/\/mado-conserven.nl\/productieproces\/certificaten\/#primaryimage","url":"https:\/\/mado-conserven.nl\/wp-content\/uploads\/2020\/10\/BRCGS_CERT_FOOD_LOGO_RGB-300x226.jpg","contentUrl":"https:\/\/mado-conserven.nl\/wp-content\/uploads\/2020\/10\/BRCGS_CERT_FOOD_LOGO_RGB-300x226.jpg"},{"@type":"BreadcrumbList","@id":"https:\/\/mado-conserven.nl\/productieproces\/certificaten\/#breadcrumb","itemListElement":[{"@type":"ListItem","position":1,"name":"Home","item":"https:\/\/mado-conserven.nl\/"},{"@type":"ListItem","position":2,"name":"Productieproces","item":"https:\/\/mado-conserven.nl\/productieproces\/"},{"@type":"ListItem","position":3,"name":"Certificaten"}]},{"@type":"WebSite","@id":"https:\/\/mado-conserven.nl\/#website","url":"https:\/\/mado-conserven.nl\/","name":"Mattheeussens-Wido B.V.","description":"Traditionele tafelzuur kwaliteitsproducten","publisher":{"@id":"https:\/\/mado-conserven.nl\/#organization"},"potentialAction":[{"@type":"SearchAction","target":{"@type":"EntryPoint","urlTemplate":"https:\/\/mado-conserven.nl\/?s={search_term_string}"},"query-input":{"@type":"PropertyValueSpecification","valueRequired":true,"valueName":"search_term_string"}}],"inLanguage":"fr-FR"},{"@type":"Organization","@id":"https:\/\/mado-conserven.nl\/#organization","name":"Mado conserven","url":"https:\/\/mado-conserven.nl\/","logo":{"@type":"ImageObject","inLanguage":"fr-FR","@id":"https:\/\/mado-conserven.nl\/#\/schema\/logo\/image\/","url":"https:\/\/mado-conserven.nl\/wp-content\/uploads\/2016\/02\/logo.png","contentUrl":"https:\/\/mado-conserven.nl\/wp-content\/uploads\/2016\/02\/logo.png","width":424,"height":176,"caption":"Mado conserven"},"image":{"@id":"https:\/\/mado-conserven.nl\/#\/schema\/logo\/image\/"}}]}},"_links":{"self":[{"href":"https:\/\/mado-conserven.nl\/fr\/wp-json\/wp\/v2\/pages\/8","targetHints":{"allow":["GET"]}}],"collection":[{"href":"https:\/\/mado-conserven.nl\/fr\/wp-json\/wp\/v2\/pages"}],"about":[{"href":"https:\/\/mado-conserven.nl\/fr\/wp-json\/wp\/v2\/types\/page"}],"author":[{"embeddable":true,"href":"https:\/\/mado-conserven.nl\/fr\/wp-json\/wp\/v2\/users\/1"}],"replies":[{"embeddable":true,"href":"https:\/\/mado-conserven.nl\/fr\/wp-json\/wp\/v2\/comments?post=8"}],"version-history":[{"count":105,"href":"https:\/\/mado-conserven.nl\/fr\/wp-json\/wp\/v2\/pages\/8\/revisions"}],"predecessor-version":[{"id":687,"href":"https:\/\/mado-conserven.nl\/fr\/wp-json\/wp\/v2\/pages\/8\/revisions\/687"}],"up":[{"embeddable":true,"href":"https:\/\/mado-conserven.nl\/fr\/wp-json\/wp\/v2\/pages\/16"}],"wp:attachment":[{"href":"https:\/\/mado-conserven.nl\/fr\/wp-json\/wp\/v2\/media?parent=8"}],"curies":[{"name":"wp","href":"https:\/\/api.w.org\/{rel}","templated":true}]}}